{"id":1082,"date":"2025-01-23T10:21:24","date_gmt":"2025-01-23T07:21:24","guid":{"rendered":"https:\/\/bedisa.com.tr\/?page_id=1082"},"modified":"2025-01-23T10:34:19","modified_gmt":"2025-01-23T07:34:19","slug":"cevre-dostu-uretim-ve-ileri-teknoloji-bedisanin-surdurulebilir-yaklasimlari","status":"publish","type":"page","link":"https:\/\/bedisa.com.tr\/en_gb\/cevre-dostu-uretim-ve-ileri-teknoloji-bedisanin-surdurulebilir-yaklasimlari\/","title":{"rendered":"Bedisa Advanced Technology in Environmentally Friendly Radiator Production"},"content":{"rendered":"<div class=\"wp-block-image\">\n<figure class=\"aligncenter size-full\"><img loading=\"lazy\" decoding=\"async\" width=\"1024\" height=\"1024\" src=\"https:\/\/bedisa.com.tr\/wp-content\/uploads\/2025\/01\/cevreci-radyator.jpg\" alt=\"\" class=\"wp-image-1083\" srcset=\"https:\/\/bedisa.com.tr\/wp-content\/uploads\/2025\/01\/cevreci-radyator.jpg 1024w, https:\/\/bedisa.com.tr\/wp-content\/uploads\/2025\/01\/cevreci-radyator-500x500.jpg 500w, https:\/\/bedisa.com.tr\/wp-content\/uploads\/2025\/01\/cevreci-radyator-300x300.jpg 300w, https:\/\/bedisa.com.tr\/wp-content\/uploads\/2025\/01\/cevreci-radyator-768x768.jpg 768w, https:\/\/bedisa.com.tr\/wp-content\/uploads\/2025\/01\/cevreci-radyator-12x12.jpg 12w, https:\/\/bedisa.com.tr\/wp-content\/uploads\/2025\/01\/cevreci-radyator-150x150.jpg 150w, https:\/\/bedisa.com.tr\/wp-content\/uploads\/2025\/01\/cevreci-radyator-75x75.jpg 75w, https:\/\/bedisa.com.tr\/wp-content\/uploads\/2025\/01\/cevreci-radyator-480x480.jpg 480w\" sizes=\"auto, (max-width:767px) 480px, (max-width:1024px) 100vw, 1024px\" \/><\/figure>\n<\/div>\n\n\n<p>Operating with production lines equipped with the world's latest technology, Bedisa produces in Aksaray Organized Industrial Zone on 80,000 m\u00b2 open and 42,500 m\u00b2 closed area. With its environmentally friendly production approach, no organic waste is generated in the production processes and no harmful chemicals such as phosphate are used. <a href=\"https:\/\/bedisa.com.tr\/en_gb\/\">Bedisa<\/a>, Aksaray Organize Sanayi B\u00f6lgesi&#8217;nde 80.000 m\u00b2 a\u00e7\u0131k ve 42.500 m\u00b2 kapal\u0131 alanda \u00fcretim yapmaktad\u0131r. \u00c7evreye duyarl\u0131 \u00fcretim anlay\u0131\u015f\u0131yla, \u00fcretim s\u00fcre\u00e7lerinde organik at\u0131k olu\u015fturulmazken fosfat gibi zararl\u0131 kimyasallar da kullan\u0131lmamaktad\u0131r.<\/p>\n\n\n\n<p><a href=\"https:\/\/bedisa.com.tr\/en_gb\/\">Bedisa<\/a>The innovative techniques developed by Bedisa allow products to be processed at much lower temperatures, saving energy and completely eliminating the use of toxic heavy metals. In addition, the avoidance of harmful raw materials prevents the formation of sludge pollution, making production environmentally friendly.<\/p>\n\n\n\n<p>Bedisa attaches importance to the protection of natural resources and contributes to environmental sustainability through methods that minimize the amount of wastewater. These environmentally sensitive approaches are carried out in compliance with international standards and crowned with ISO 14001 Environmental Management System certification. <a href=\"https:\/\/bedisa.com.tr\/en_gb\/\">Bedisa<\/a>, contributes to environmental sustainability through methods that minimize wastewater generation. These environmentally conscious approaches are implemented in alignment with international standards and have been crowned with the ISO 14001 Environmental Management System certification.<\/p>\n\n\n\n<p>Combining both environmental sensitivity and advanced technology, Bedisa continues to make a difference in the sector. <a href=\"https:\/\/bedisa.com.tr\/en_gb\/\">Bedisa<\/a>, continues to make a difference in the sector.<\/p>","protected":false},"excerpt":{"rendered":"<p> Bedisa, Aksaray Organize Sanayi B\u00f6lgesi&#8217;nde 80.000 m\u00b2 a\u00e7\u0131k ve 42.500 m\u00b2 kapal\u0131 alanda \u00fcretim yapmaktad\u0131r. \u00c7evreye duyarl\u0131 \u00fcretim anlay\u0131\u015f\u0131yla, \u00fcretim s\u00fcre\u00e7lerinde organik at\u0131k olu\u015fturulmazken fosfat gibi zararl\u0131 kimyasallar da kullan\u0131lmamaktad\u0131r.<\/p>","protected":false},"author":1,"featured_media":1083,"parent":0,"menu_order":0,"comment_status":"closed","ping_status":"closed","template":"","meta":{"footnotes":""},"class_list":["post-1082","page","type-page","status-publish","has-post-thumbnail","hentry"],"yoast_head":"<!-- This site is optimized with the Yoast SEO plugin v26.1.1 - https:\/\/yoast.com\/wordpress\/plugins\/seo\/ -->\n<title>Bedisa: \u00c7evre Dostu Radyat\u00f6r \u00dcretiminde \u0130leri Teknoloji - BED\u0130SA<\/title>\n<meta name=\"description\" content=\"Bedisa, Aksaray&#039;da 42.500 m\u00b2 kapal\u0131 alanda \u00e7evreye duyarl\u0131 \u00fcretim yapmaktad\u0131r. Fosfat ve a\u011f\u0131r metallerden ar\u0131nm\u0131\u015f yenilik\u00e7i tekniklerle enerji tasarrufu sa\u011flarken, do\u011fal kaynaklar\u0131 koruyarak s\u00fcrd\u00fcr\u00fclebilirli\u011fi destekler.\" \/>\n<meta name=\"robots\" content=\"index, follow, max-snippet:-1, max-image-preview:large, max-video-preview:-1\" \/>\n<link rel=\"canonical\" href=\"https:\/\/bedisa.com.tr\/en_gb\/cevre-dostu-uretim-ve-ileri-teknoloji-bedisanin-surdurulebilir-yaklasimlari\/\" \/>\n<meta property=\"og:locale\" content=\"en_GB\" \/>\n<meta property=\"og:type\" content=\"article\" \/>\n<meta property=\"og:title\" content=\"Bedisa: \u00c7evre Dostu Radyat\u00f6r \u00dcretiminde \u0130leri Teknoloji - BED\u0130SA\" \/>\n<meta property=\"og:description\" content=\"Bedisa, Aksaray&#039;da 42.500 m\u00b2 kapal\u0131 alanda \u00e7evreye duyarl\u0131 \u00fcretim yapmaktad\u0131r. Fosfat ve a\u011f\u0131r metallerden ar\u0131nm\u0131\u015f yenilik\u00e7i tekniklerle enerji tasarrufu sa\u011flarken, do\u011fal kaynaklar\u0131 koruyarak s\u00fcrd\u00fcr\u00fclebilirli\u011fi destekler.\" \/>\n<meta property=\"og:url\" content=\"https:\/\/bedisa.com.tr\/en_gb\/cevre-dostu-uretim-ve-ileri-teknoloji-bedisanin-surdurulebilir-yaklasimlari\/\" \/>\n<meta property=\"og:site_name\" content=\"BED\u0130SA\" \/>\n<meta property=\"article:modified_time\" content=\"2025-01-23T07:34:19+00:00\" \/>\n<meta property=\"og:image\" content=\"https:\/\/bedisa.com.tr\/wp-content\/uploads\/2025\/01\/cevreci-radyator.jpg\" \/>\n\t<meta property=\"og:image:width\" content=\"1024\" \/>\n\t<meta property=\"og:image:height\" content=\"1024\" \/>\n\t<meta property=\"og:image:type\" content=\"image\/jpeg\" \/>\n<meta name=\"twitter:card\" content=\"summary_large_image\" \/>\n<meta name=\"twitter:label1\" content=\"Estimated reading time\" \/>\n\t<meta name=\"twitter:data1\" content=\"2 minutes\" \/>\n<script type=\"application\/ld+json\" class=\"yoast-schema-graph\">{\"@context\":\"https:\/\/schema.org\",\"@graph\":[{\"@type\":\"WebPage\",\"@id\":\"https:\/\/bedisa.com.tr\/cevre-dostu-uretim-ve-ileri-teknoloji-bedisanin-surdurulebilir-yaklasimlari\/\",\"url\":\"https:\/\/bedisa.com.tr\/cevre-dostu-uretim-ve-ileri-teknoloji-bedisanin-surdurulebilir-yaklasimlari\/\",\"name\":\"Bedisa: \u00c7evre Dostu Radyat\u00f6r \u00dcretiminde \u0130leri Teknoloji - BED\u0130SA\",\"isPartOf\":{\"@id\":\"https:\/\/bedisa.com.tr\/#website\"},\"primaryImageOfPage\":{\"@id\":\"https:\/\/bedisa.com.tr\/cevre-dostu-uretim-ve-ileri-teknoloji-bedisanin-surdurulebilir-yaklasimlari\/#primaryimage\"},\"image\":{\"@id\":\"https:\/\/bedisa.com.tr\/cevre-dostu-uretim-ve-ileri-teknoloji-bedisanin-surdurulebilir-yaklasimlari\/#primaryimage\"},\"thumbnailUrl\":\"https:\/\/bedisa.com.tr\/wp-content\/uploads\/2025\/01\/cevreci-radyator.jpg\",\"datePublished\":\"2025-01-23T07:21:24+00:00\",\"dateModified\":\"2025-01-23T07:34:19+00:00\",\"description\":\"Bedisa, Aksaray'da 42.500 m\u00b2 kapal\u0131 alanda \u00e7evreye duyarl\u0131 \u00fcretim yapmaktad\u0131r. Fosfat ve a\u011f\u0131r metallerden ar\u0131nm\u0131\u015f yenilik\u00e7i tekniklerle enerji tasarrufu sa\u011flarken, do\u011fal kaynaklar\u0131 koruyarak s\u00fcrd\u00fcr\u00fclebilirli\u011fi destekler.\",\"breadcrumb\":{\"@id\":\"https:\/\/bedisa.com.tr\/cevre-dostu-uretim-ve-ileri-teknoloji-bedisanin-surdurulebilir-yaklasimlari\/#breadcrumb\"},\"inLanguage\":\"en-GB\",\"potentialAction\":[{\"@type\":\"ReadAction\",\"target\":[\"https:\/\/bedisa.com.tr\/cevre-dostu-uretim-ve-ileri-teknoloji-bedisanin-surdurulebilir-yaklasimlari\/\"]}]},{\"@type\":\"ImageObject\",\"inLanguage\":\"en-GB\",\"@id\":\"https:\/\/bedisa.com.tr\/cevre-dostu-uretim-ve-ileri-teknoloji-bedisanin-surdurulebilir-yaklasimlari\/#primaryimage\",\"url\":\"https:\/\/bedisa.com.tr\/wp-content\/uploads\/2025\/01\/cevreci-radyator.jpg\",\"contentUrl\":\"https:\/\/bedisa.com.tr\/wp-content\/uploads\/2025\/01\/cevreci-radyator.jpg\",\"width\":1024,\"height\":1024},{\"@type\":\"BreadcrumbList\",\"@id\":\"https:\/\/bedisa.com.tr\/cevre-dostu-uretim-ve-ileri-teknoloji-bedisanin-surdurulebilir-yaklasimlari\/#breadcrumb\",\"itemListElement\":[{\"@type\":\"ListItem\",\"position\":1,\"name\":\"Anasayfa\",\"item\":\"https:\/\/bedisa.com.tr\/\"},{\"@type\":\"ListItem\",\"position\":2,\"name\":\"Bedisa: \u00c7evre Dostu Radyat\u00f6r \u00dcretiminde \u0130leri Teknoloji\"}]},{\"@type\":\"WebSite\",\"@id\":\"https:\/\/bedisa.com.tr\/#website\",\"url\":\"https:\/\/bedisa.com.tr\/\",\"name\":\"BED\u0130S\",\"description\":\"\",\"publisher\":{\"@id\":\"https:\/\/bedisa.com.tr\/#organization\"},\"potentialAction\":[{\"@type\":\"SearchAction\",\"target\":{\"@type\":\"EntryPoint\",\"urlTemplate\":\"https:\/\/bedisa.com.tr\/?s={search_term_string}\"},\"query-input\":{\"@type\":\"PropertyValueSpecification\",\"valueRequired\":true,\"valueName\":\"search_term_string\"}}],\"inLanguage\":\"en-GB\"},{\"@type\":\"Organization\",\"@id\":\"https:\/\/bedisa.com.tr\/#organization\",\"name\":\"BED\u0130SA\",\"url\":\"https:\/\/bedisa.com.tr\/\",\"logo\":{\"@type\":\"ImageObject\",\"inLanguage\":\"en-GB\",\"@id\":\"https:\/\/bedisa.com.tr\/#\/schema\/logo\/image\/\",\"url\":\"https:\/\/bedisa.com.tr\/wp-content\/uploads\/2024\/07\/bedisa-retina.webp\",\"contentUrl\":\"https:\/\/bedisa.com.tr\/wp-content\/uploads\/2024\/07\/bedisa-retina.webp\",\"width\":295,\"height\":85,\"caption\":\"BED\u0130SA\"},\"image\":{\"@id\":\"https:\/\/bedisa.com.tr\/#\/schema\/logo\/image\/\"}}]}<\/script>\n<!-- \/ Yoast SEO plugin. -->","yoast_head_json":{"title":"Bedisa: \u00c7evre Dostu Radyat\u00f6r \u00dcretiminde \u0130leri Teknoloji - BED\u0130SA","description":"Bedisa, Aksaray'da 42.500 m\u00b2 kapal\u0131 alanda \u00e7evreye duyarl\u0131 \u00fcretim yapmaktad\u0131r. Fosfat ve a\u011f\u0131r metallerden ar\u0131nm\u0131\u015f yenilik\u00e7i tekniklerle enerji tasarrufu sa\u011flarken, do\u011fal kaynaklar\u0131 koruyarak s\u00fcrd\u00fcr\u00fclebilirli\u011fi destekler.","robots":{"index":"index","follow":"follow","max-snippet":"max-snippet:-1","max-image-preview":"max-image-preview:large","max-video-preview":"max-video-preview:-1"},"canonical":"https:\/\/bedisa.com.tr\/en_gb\/cevre-dostu-uretim-ve-ileri-teknoloji-bedisanin-surdurulebilir-yaklasimlari\/","og_locale":"en_GB","og_type":"article","og_title":"Bedisa: \u00c7evre Dostu Radyat\u00f6r \u00dcretiminde \u0130leri Teknoloji - BED\u0130SA","og_description":"Bedisa, Aksaray'da 42.500 m\u00b2 kapal\u0131 alanda \u00e7evreye duyarl\u0131 \u00fcretim yapmaktad\u0131r. Fosfat ve a\u011f\u0131r metallerden ar\u0131nm\u0131\u015f yenilik\u00e7i tekniklerle enerji tasarrufu sa\u011flarken, do\u011fal kaynaklar\u0131 koruyarak s\u00fcrd\u00fcr\u00fclebilirli\u011fi destekler.","og_url":"https:\/\/bedisa.com.tr\/en_gb\/cevre-dostu-uretim-ve-ileri-teknoloji-bedisanin-surdurulebilir-yaklasimlari\/","og_site_name":"BED\u0130SA","article_modified_time":"2025-01-23T07:34:19+00:00","og_image":[{"width":1024,"height":1024,"url":"https:\/\/bedisa.com.tr\/wp-content\/uploads\/2025\/01\/cevreci-radyator.jpg","type":"image\/jpeg"}],"twitter_card":"summary_large_image","twitter_misc":{"Estimated reading time":"2 minutes"},"schema":{"@context":"https:\/\/schema.org","@graph":[{"@type":"WebPage","@id":"https:\/\/bedisa.com.tr\/cevre-dostu-uretim-ve-ileri-teknoloji-bedisanin-surdurulebilir-yaklasimlari\/","url":"https:\/\/bedisa.com.tr\/cevre-dostu-uretim-ve-ileri-teknoloji-bedisanin-surdurulebilir-yaklasimlari\/","name":"Bedisa: \u00c7evre Dostu Radyat\u00f6r \u00dcretiminde \u0130leri Teknoloji - BED\u0130SA","isPartOf":{"@id":"https:\/\/bedisa.com.tr\/#website"},"primaryImageOfPage":{"@id":"https:\/\/bedisa.com.tr\/cevre-dostu-uretim-ve-ileri-teknoloji-bedisanin-surdurulebilir-yaklasimlari\/#primaryimage"},"image":{"@id":"https:\/\/bedisa.com.tr\/cevre-dostu-uretim-ve-ileri-teknoloji-bedisanin-surdurulebilir-yaklasimlari\/#primaryimage"},"thumbnailUrl":"https:\/\/bedisa.com.tr\/wp-content\/uploads\/2025\/01\/cevreci-radyator.jpg","datePublished":"2025-01-23T07:21:24+00:00","dateModified":"2025-01-23T07:34:19+00:00","description":"Bedisa, Aksaray'da 42.500 m\u00b2 kapal\u0131 alanda \u00e7evreye duyarl\u0131 \u00fcretim yapmaktad\u0131r. Fosfat ve a\u011f\u0131r metallerden ar\u0131nm\u0131\u015f yenilik\u00e7i tekniklerle enerji tasarrufu sa\u011flarken, do\u011fal kaynaklar\u0131 koruyarak s\u00fcrd\u00fcr\u00fclebilirli\u011fi destekler.","breadcrumb":{"@id":"https:\/\/bedisa.com.tr\/cevre-dostu-uretim-ve-ileri-teknoloji-bedisanin-surdurulebilir-yaklasimlari\/#breadcrumb"},"inLanguage":"en-GB","potentialAction":[{"@type":"ReadAction","target":["https:\/\/bedisa.com.tr\/cevre-dostu-uretim-ve-ileri-teknoloji-bedisanin-surdurulebilir-yaklasimlari\/"]}]},{"@type":"ImageObject","inLanguage":"en-GB","@id":"https:\/\/bedisa.com.tr\/cevre-dostu-uretim-ve-ileri-teknoloji-bedisanin-surdurulebilir-yaklasimlari\/#primaryimage","url":"https:\/\/bedisa.com.tr\/wp-content\/uploads\/2025\/01\/cevreci-radyator.jpg","contentUrl":"https:\/\/bedisa.com.tr\/wp-content\/uploads\/2025\/01\/cevreci-radyator.jpg","width":1024,"height":1024},{"@type":"BreadcrumbList","@id":"https:\/\/bedisa.com.tr\/cevre-dostu-uretim-ve-ileri-teknoloji-bedisanin-surdurulebilir-yaklasimlari\/#breadcrumb","itemListElement":[{"@type":"ListItem","position":1,"name":"Anasayfa","item":"https:\/\/bedisa.com.tr\/"},{"@type":"ListItem","position":2,"name":"Bedisa: \u00c7evre Dostu Radyat\u00f6r \u00dcretiminde \u0130leri Teknoloji"}]},{"@type":"WebSite","@id":"https:\/\/bedisa.com.tr\/#website","url":"https:\/\/bedisa.com.tr\/","name":"BED\u0130S","description":"","publisher":{"@id":"https:\/\/bedisa.com.tr\/#organization"},"potentialAction":[{"@type":"SearchAction","target":{"@type":"EntryPoint","urlTemplate":"https:\/\/bedisa.com.tr\/?s={search_term_string}"},"query-input":{"@type":"PropertyValueSpecification","valueRequired":true,"valueName":"search_term_string"}}],"inLanguage":"en-GB"},{"@type":"Organization","@id":"https:\/\/bedisa.com.tr\/#organization","name":"BED\u0130SA","url":"https:\/\/bedisa.com.tr\/","logo":{"@type":"ImageObject","inLanguage":"en-GB","@id":"https:\/\/bedisa.com.tr\/#\/schema\/logo\/image\/","url":"https:\/\/bedisa.com.tr\/wp-content\/uploads\/2024\/07\/bedisa-retina.webp","contentUrl":"https:\/\/bedisa.com.tr\/wp-content\/uploads\/2024\/07\/bedisa-retina.webp","width":295,"height":85,"caption":"BED\u0130SA"},"image":{"@id":"https:\/\/bedisa.com.tr\/#\/schema\/logo\/image\/"}}]}},"_links":{"self":[{"href":"https:\/\/bedisa.com.tr\/en_gb\/wp-json\/wp\/v2\/pages\/1082","targetHints":{"allow":["GET"]}}],"collection":[{"href":"https:\/\/bedisa.com.tr\/en_gb\/wp-json\/wp\/v2\/pages"}],"about":[{"href":"https:\/\/bedisa.com.tr\/en_gb\/wp-json\/wp\/v2\/types\/page"}],"author":[{"embeddable":true,"href":"https:\/\/bedisa.com.tr\/en_gb\/wp-json\/wp\/v2\/users\/1"}],"replies":[{"embeddable":true,"href":"https:\/\/bedisa.com.tr\/en_gb\/wp-json\/wp\/v2\/comments?post=1082"}],"version-history":[{"count":4,"href":"https:\/\/bedisa.com.tr\/en_gb\/wp-json\/wp\/v2\/pages\/1082\/revisions"}],"predecessor-version":[{"id":1087,"href":"https:\/\/bedisa.com.tr\/en_gb\/wp-json\/wp\/v2\/pages\/1082\/revisions\/1087"}],"wp:featuredmedia":[{"embeddable":true,"href":"https:\/\/bedisa.com.tr\/en_gb\/wp-json\/wp\/v2\/media\/1083"}],"wp:attachment":[{"href":"https:\/\/bedisa.com.tr\/en_gb\/wp-json\/wp\/v2\/media?parent=1082"}],"curies":[{"name":"wp","href":"https:\/\/api.w.org\/{rel}","templated":true}]}}