{"id":418,"date":"2024-07-02T12:43:03","date_gmt":"2024-07-02T09:43:03","guid":{"rendered":"https:\/\/bedisa.com.tr\/?page_id=418"},"modified":"2025-10-14T09:07:37","modified_gmt":"2025-10-14T09:07:37","slug":"export","status":"publish","type":"page","link":"https:\/\/bedisa.com.tr\/en_gb\/export\/","title":{"rendered":"Export"},"content":{"rendered":"","protected":false},"excerpt":{"rendered":"","protected":false},"author":1,"featured_media":0,"parent":0,"menu_order":0,"comment_status":"closed","ping_status":"closed","template":"","meta":{"footnotes":""},"class_list":["post-418","page","type-page","status-publish","hentry"],"yoast_head":"<!-- This site is optimized with the Yoast SEO plugin v26.1.1 - https:\/\/yoast.com\/wordpress\/plugins\/seo\/ -->\n<title>Uluslararas\u0131 Ticaret - BED\u0130SA<\/title>\n<meta name=\"description\" content=\"D\u00fcnya genelinde geni\u015fleyen i\u015f a\u011f\u0131n\u0131zla uluslararas\u0131 ticaretin avantajlar\u0131n\u0131 ke\u015ffedin. K\u00fcresel pazar eri\u015fimi, rekabet\u00e7i fiyatland\u0131rma ve g\u00fcvenilir lojistik \u00e7\u00f6z\u00fcmlerimizle i\u015finizi b\u00fcy\u00fct\u00fcn. \u0130thalat ve ihracatta uzman kadromuzla ticaret s\u00fcre\u00e7lerinizi kolayla\u015ft\u0131r\u0131n ve yeni f\u0131rsatlar yakalay\u0131n\" \/>\n<meta name=\"robots\" content=\"index, follow, max-snippet:-1, max-image-preview:large, max-video-preview:-1\" \/>\n<link rel=\"canonical\" href=\"https:\/\/bedisa.com.tr\/en_gb\/export\/\" \/>\n<meta property=\"og:locale\" content=\"en_GB\" \/>\n<meta property=\"og:type\" content=\"article\" \/>\n<meta property=\"og:title\" content=\"Uluslararas\u0131 Ticaret - BED\u0130SA\" \/>\n<meta property=\"og:description\" content=\"D\u00fcnya genelinde geni\u015fleyen i\u015f a\u011f\u0131n\u0131zla uluslararas\u0131 ticaretin avantajlar\u0131n\u0131 ke\u015ffedin. K\u00fcresel pazar eri\u015fimi, rekabet\u00e7i fiyatland\u0131rma ve g\u00fcvenilir lojistik \u00e7\u00f6z\u00fcmlerimizle i\u015finizi b\u00fcy\u00fct\u00fcn. \u0130thalat ve ihracatta uzman kadromuzla ticaret s\u00fcre\u00e7lerinizi kolayla\u015ft\u0131r\u0131n ve yeni f\u0131rsatlar yakalay\u0131n\" \/>\n<meta property=\"og:url\" content=\"https:\/\/bedisa.com.tr\/en_gb\/export\/\" \/>\n<meta property=\"og:site_name\" content=\"BED\u0130SA\" \/>\n<meta property=\"article:modified_time\" content=\"2025-10-14T09:07:37+00:00\" \/>\n<meta name=\"twitter:card\" content=\"summary_large_image\" \/>\n<script type=\"application\/ld+json\" class=\"yoast-schema-graph\">{\"@context\":\"https:\/\/schema.org\",\"@graph\":[{\"@type\":\"WebPage\",\"@id\":\"https:\/\/bedisa.com.tr\/export\/\",\"url\":\"https:\/\/bedisa.com.tr\/export\/\",\"name\":\"Uluslararas\u0131 Ticaret - BED\u0130SA\",\"isPartOf\":{\"@id\":\"https:\/\/bedisa.com.tr\/#website\"},\"datePublished\":\"2024-07-02T09:43:03+00:00\",\"dateModified\":\"2025-10-14T09:07:37+00:00\",\"description\":\"D\u00fcnya genelinde geni\u015fleyen i\u015f a\u011f\u0131n\u0131zla uluslararas\u0131 ticaretin avantajlar\u0131n\u0131 ke\u015ffedin. K\u00fcresel pazar eri\u015fimi, rekabet\u00e7i fiyatland\u0131rma ve g\u00fcvenilir lojistik \u00e7\u00f6z\u00fcmlerimizle i\u015finizi b\u00fcy\u00fct\u00fcn. \u0130thalat ve ihracatta uzman kadromuzla ticaret s\u00fcre\u00e7lerinizi kolayla\u015ft\u0131r\u0131n ve yeni f\u0131rsatlar yakalay\u0131n\",\"breadcrumb\":{\"@id\":\"https:\/\/bedisa.com.tr\/export\/#breadcrumb\"},\"inLanguage\":\"en-GB\",\"potentialAction\":[{\"@type\":\"ReadAction\",\"target\":[\"https:\/\/bedisa.com.tr\/export\/\"]}]},{\"@type\":\"BreadcrumbList\",\"@id\":\"https:\/\/bedisa.com.tr\/export\/#breadcrumb\",\"itemListElement\":[{\"@type\":\"ListItem\",\"position\":1,\"name\":\"Anasayfa\",\"item\":\"https:\/\/bedisa.com.tr\/\"},{\"@type\":\"ListItem\",\"position\":2,\"name\":\"\u0130hracat\"}]},{\"@type\":\"WebSite\",\"@id\":\"https:\/\/bedisa.com.tr\/#website\",\"url\":\"https:\/\/bedisa.com.tr\/\",\"name\":\"BED\u0130S\",\"description\":\"\",\"publisher\":{\"@id\":\"https:\/\/bedisa.com.tr\/#organization\"},\"potentialAction\":[{\"@type\":\"SearchAction\",\"target\":{\"@type\":\"EntryPoint\",\"urlTemplate\":\"https:\/\/bedisa.com.tr\/?s={search_term_string}\"},\"query-input\":{\"@type\":\"PropertyValueSpecification\",\"valueRequired\":true,\"valueName\":\"search_term_string\"}}],\"inLanguage\":\"en-GB\"},{\"@type\":\"Organization\",\"@id\":\"https:\/\/bedisa.com.tr\/#organization\",\"name\":\"BED\u0130SA\",\"url\":\"https:\/\/bedisa.com.tr\/\",\"logo\":{\"@type\":\"ImageObject\",\"inLanguage\":\"en-GB\",\"@id\":\"https:\/\/bedisa.com.tr\/#\/schema\/logo\/image\/\",\"url\":\"https:\/\/bedisa.com.tr\/wp-content\/uploads\/2024\/07\/bedisa-retina.webp\",\"contentUrl\":\"https:\/\/bedisa.com.tr\/wp-content\/uploads\/2024\/07\/bedisa-retina.webp\",\"width\":295,\"height\":85,\"caption\":\"BED\u0130SA\"},\"image\":{\"@id\":\"https:\/\/bedisa.com.tr\/#\/schema\/logo\/image\/\"}}]}<\/script>\n<!-- \/ Yoast SEO plugin. -->","yoast_head_json":{"title":"Uluslararas\u0131 Ticaret - BED\u0130SA","description":"D\u00fcnya genelinde geni\u015fleyen i\u015f a\u011f\u0131n\u0131zla uluslararas\u0131 ticaretin avantajlar\u0131n\u0131 ke\u015ffedin. K\u00fcresel pazar eri\u015fimi, rekabet\u00e7i fiyatland\u0131rma ve g\u00fcvenilir lojistik \u00e7\u00f6z\u00fcmlerimizle i\u015finizi b\u00fcy\u00fct\u00fcn. \u0130thalat ve ihracatta uzman kadromuzla ticaret s\u00fcre\u00e7lerinizi kolayla\u015ft\u0131r\u0131n ve yeni f\u0131rsatlar yakalay\u0131n","robots":{"index":"index","follow":"follow","max-snippet":"max-snippet:-1","max-image-preview":"max-image-preview:large","max-video-preview":"max-video-preview:-1"},"canonical":"https:\/\/bedisa.com.tr\/en_gb\/export\/","og_locale":"en_GB","og_type":"article","og_title":"Uluslararas\u0131 Ticaret - BED\u0130SA","og_description":"D\u00fcnya genelinde geni\u015fleyen i\u015f a\u011f\u0131n\u0131zla uluslararas\u0131 ticaretin avantajlar\u0131n\u0131 ke\u015ffedin. K\u00fcresel pazar eri\u015fimi, rekabet\u00e7i fiyatland\u0131rma ve g\u00fcvenilir lojistik \u00e7\u00f6z\u00fcmlerimizle i\u015finizi b\u00fcy\u00fct\u00fcn. \u0130thalat ve ihracatta uzman kadromuzla ticaret s\u00fcre\u00e7lerinizi kolayla\u015ft\u0131r\u0131n ve yeni f\u0131rsatlar yakalay\u0131n","og_url":"https:\/\/bedisa.com.tr\/en_gb\/export\/","og_site_name":"BED\u0130SA","article_modified_time":"2025-10-14T09:07:37+00:00","twitter_card":"summary_large_image","schema":{"@context":"https:\/\/schema.org","@graph":[{"@type":"WebPage","@id":"https:\/\/bedisa.com.tr\/export\/","url":"https:\/\/bedisa.com.tr\/export\/","name":"Uluslararas\u0131 Ticaret - BED\u0130SA","isPartOf":{"@id":"https:\/\/bedisa.com.tr\/#website"},"datePublished":"2024-07-02T09:43:03+00:00","dateModified":"2025-10-14T09:07:37+00:00","description":"D\u00fcnya genelinde geni\u015fleyen i\u015f a\u011f\u0131n\u0131zla uluslararas\u0131 ticaretin avantajlar\u0131n\u0131 ke\u015ffedin. K\u00fcresel pazar eri\u015fimi, rekabet\u00e7i fiyatland\u0131rma ve g\u00fcvenilir lojistik \u00e7\u00f6z\u00fcmlerimizle i\u015finizi b\u00fcy\u00fct\u00fcn. \u0130thalat ve ihracatta uzman kadromuzla ticaret s\u00fcre\u00e7lerinizi kolayla\u015ft\u0131r\u0131n ve yeni f\u0131rsatlar yakalay\u0131n","breadcrumb":{"@id":"https:\/\/bedisa.com.tr\/export\/#breadcrumb"},"inLanguage":"en-GB","potentialAction":[{"@type":"ReadAction","target":["https:\/\/bedisa.com.tr\/export\/"]}]},{"@type":"BreadcrumbList","@id":"https:\/\/bedisa.com.tr\/export\/#breadcrumb","itemListElement":[{"@type":"ListItem","position":1,"name":"Anasayfa","item":"https:\/\/bedisa.com.tr\/"},{"@type":"ListItem","position":2,"name":"\u0130hracat"}]},{"@type":"WebSite","@id":"https:\/\/bedisa.com.tr\/#website","url":"https:\/\/bedisa.com.tr\/","name":"BED\u0130S","description":"","publisher":{"@id":"https:\/\/bedisa.com.tr\/#organization"},"potentialAction":[{"@type":"SearchAction","target":{"@type":"EntryPoint","urlTemplate":"https:\/\/bedisa.com.tr\/?s={search_term_string}"},"query-input":{"@type":"PropertyValueSpecification","valueRequired":true,"valueName":"search_term_string"}}],"inLanguage":"en-GB"},{"@type":"Organization","@id":"https:\/\/bedisa.com.tr\/#organization","name":"BED\u0130SA","url":"https:\/\/bedisa.com.tr\/","logo":{"@type":"ImageObject","inLanguage":"en-GB","@id":"https:\/\/bedisa.com.tr\/#\/schema\/logo\/image\/","url":"https:\/\/bedisa.com.tr\/wp-content\/uploads\/2024\/07\/bedisa-retina.webp","contentUrl":"https:\/\/bedisa.com.tr\/wp-content\/uploads\/2024\/07\/bedisa-retina.webp","width":295,"height":85,"caption":"BED\u0130SA"},"image":{"@id":"https:\/\/bedisa.com.tr\/#\/schema\/logo\/image\/"}}]}},"_links":{"self":[{"href":"https:\/\/bedisa.com.tr\/en_gb\/wp-json\/wp\/v2\/pages\/418","targetHints":{"allow":["GET"]}}],"collection":[{"href":"https:\/\/bedisa.com.tr\/en_gb\/wp-json\/wp\/v2\/pages"}],"about":[{"href":"https:\/\/bedisa.com.tr\/en_gb\/wp-json\/wp\/v2\/types\/page"}],"author":[{"embeddable":true,"href":"https:\/\/bedisa.com.tr\/en_gb\/wp-json\/wp\/v2\/users\/1"}],"replies":[{"embeddable":true,"href":"https:\/\/bedisa.com.tr\/en_gb\/wp-json\/wp\/v2\/comments?post=418"}],"version-history":[{"count":3,"href":"https:\/\/bedisa.com.tr\/en_gb\/wp-json\/wp\/v2\/pages\/418\/revisions"}],"predecessor-version":[{"id":1235,"href":"https:\/\/bedisa.com.tr\/en_gb\/wp-json\/wp\/v2\/pages\/418\/revisions\/1235"}],"wp:attachment":[{"href":"https:\/\/bedisa.com.tr\/en_gb\/wp-json\/wp\/v2\/media?parent=418"}],"curies":[{"name":"wp","href":"https:\/\/api.w.org\/{rel}","templated":true}]}}