{"id":451,"date":"2024-07-02T17:02:16","date_gmt":"2024-07-02T14:02:16","guid":{"rendered":"https:\/\/bedisa.com.tr\/?page_id=451"},"modified":"2025-08-19T11:33:57","modified_gmt":"2025-08-19T11:33:57","slug":"standard-radiator","status":"publish","type":"page","link":"https:\/\/bedisa.com.tr\/en_gb\/standard-radiator\/","title":{"rendered":"Standard Radiators"},"content":{"rendered":"","protected":false},"excerpt":{"rendered":"","protected":false},"author":1,"featured_media":0,"parent":0,"menu_order":0,"comment_status":"closed","ping_status":"closed","template":"","meta":{"footnotes":""},"class_list":["post-451","page","type-page","status-publish","hentry"],"yoast_head":"<!-- This site is optimized with the Yoast SEO plugin v26.1.1 - https:\/\/yoast.com\/wordpress\/plugins\/seo\/ -->\n<title>Standart Radyat\u00f6rler - BED\u0130SA<\/title>\n<meta name=\"description\" content=\"Standart radyat\u00f6rler ile evinizin her k\u00f6\u015fesine s\u0131cakl\u0131k ve konfor getirin. Verimli \u0131s\u0131tma \u00e7\u00f6z\u00fcmlerimiz ile enerjiden tasarruf edin ve ya\u015fam alanlar\u0131n\u0131z\u0131 daha konforlu hale getirin. Dayan\u0131kl\u0131 ve estetik tasar\u0131mlarla evinizin dekorasyonunu tamamlay\u0131n.\" \/>\n<meta name=\"robots\" content=\"index, follow, max-snippet:-1, max-image-preview:large, max-video-preview:-1\" \/>\n<link rel=\"canonical\" href=\"https:\/\/bedisa.com.tr\/en_gb\/standard-radiator\/\" \/>\n<meta property=\"og:locale\" content=\"en_GB\" \/>\n<meta property=\"og:type\" content=\"article\" \/>\n<meta property=\"og:title\" content=\"Standart Radyat\u00f6rler - BED\u0130SA\" \/>\n<meta property=\"og:description\" content=\"Standart radyat\u00f6rler ile evinizin her k\u00f6\u015fesine s\u0131cakl\u0131k ve konfor getirin. Verimli \u0131s\u0131tma \u00e7\u00f6z\u00fcmlerimiz ile enerjiden tasarruf edin ve ya\u015fam alanlar\u0131n\u0131z\u0131 daha konforlu hale getirin. Dayan\u0131kl\u0131 ve estetik tasar\u0131mlarla evinizin dekorasyonunu tamamlay\u0131n.\" \/>\n<meta property=\"og:url\" content=\"https:\/\/bedisa.com.tr\/en_gb\/standard-radiator\/\" \/>\n<meta property=\"og:site_name\" content=\"BED\u0130SA\" \/>\n<meta property=\"article:modified_time\" content=\"2025-08-19T11:33:57+00:00\" \/>\n<meta name=\"twitter:card\" content=\"summary_large_image\" \/>\n<script type=\"application\/ld+json\" class=\"yoast-schema-graph\">{\"@context\":\"https:\/\/schema.org\",\"@graph\":[{\"@type\":\"WebPage\",\"@id\":\"https:\/\/bedisa.com.tr\/standard-radiator\/\",\"url\":\"https:\/\/bedisa.com.tr\/standard-radiator\/\",\"name\":\"Standart Radyat\u00f6rler - BED\u0130SA\",\"isPartOf\":{\"@id\":\"https:\/\/bedisa.com.tr\/#website\"},\"datePublished\":\"2024-07-02T14:02:16+00:00\",\"dateModified\":\"2025-08-19T11:33:57+00:00\",\"description\":\"Standart radyat\u00f6rler ile evinizin her k\u00f6\u015fesine s\u0131cakl\u0131k ve konfor getirin. Verimli \u0131s\u0131tma \u00e7\u00f6z\u00fcmlerimiz ile enerjiden tasarruf edin ve ya\u015fam alanlar\u0131n\u0131z\u0131 daha konforlu hale getirin. Dayan\u0131kl\u0131 ve estetik tasar\u0131mlarla evinizin dekorasyonunu tamamlay\u0131n.\",\"breadcrumb\":{\"@id\":\"https:\/\/bedisa.com.tr\/standard-radiator\/#breadcrumb\"},\"inLanguage\":\"en-GB\",\"potentialAction\":[{\"@type\":\"ReadAction\",\"target\":[\"https:\/\/bedisa.com.tr\/standard-radiator\/\"]}]},{\"@type\":\"BreadcrumbList\",\"@id\":\"https:\/\/bedisa.com.tr\/standard-radiator\/#breadcrumb\",\"itemListElement\":[{\"@type\":\"ListItem\",\"position\":1,\"name\":\"Anasayfa\",\"item\":\"https:\/\/bedisa.com.tr\/\"},{\"@type\":\"ListItem\",\"position\":2,\"name\":\"Standart Radyat\u00f6r\"}]},{\"@type\":\"WebSite\",\"@id\":\"https:\/\/bedisa.com.tr\/#website\",\"url\":\"https:\/\/bedisa.com.tr\/\",\"name\":\"BED\u0130S\",\"description\":\"\",\"publisher\":{\"@id\":\"https:\/\/bedisa.com.tr\/#organization\"},\"potentialAction\":[{\"@type\":\"SearchAction\",\"target\":{\"@type\":\"EntryPoint\",\"urlTemplate\":\"https:\/\/bedisa.com.tr\/?s={search_term_string}\"},\"query-input\":{\"@type\":\"PropertyValueSpecification\",\"valueRequired\":true,\"valueName\":\"search_term_string\"}}],\"inLanguage\":\"en-GB\"},{\"@type\":\"Organization\",\"@id\":\"https:\/\/bedisa.com.tr\/#organization\",\"name\":\"BED\u0130SA\",\"url\":\"https:\/\/bedisa.com.tr\/\",\"logo\":{\"@type\":\"ImageObject\",\"inLanguage\":\"en-GB\",\"@id\":\"https:\/\/bedisa.com.tr\/#\/schema\/logo\/image\/\",\"url\":\"https:\/\/bedisa.com.tr\/wp-content\/uploads\/2024\/07\/bedisa-retina.webp\",\"contentUrl\":\"https:\/\/bedisa.com.tr\/wp-content\/uploads\/2024\/07\/bedisa-retina.webp\",\"width\":295,\"height\":85,\"caption\":\"BED\u0130SA\"},\"image\":{\"@id\":\"https:\/\/bedisa.com.tr\/#\/schema\/logo\/image\/\"}}]}<\/script>\n<!-- \/ Yoast SEO plugin. -->","yoast_head_json":{"title":"Standart Radyat\u00f6rler - BED\u0130SA","description":"Standart radyat\u00f6rler ile evinizin her k\u00f6\u015fesine s\u0131cakl\u0131k ve konfor getirin. Verimli \u0131s\u0131tma \u00e7\u00f6z\u00fcmlerimiz ile enerjiden tasarruf edin ve ya\u015fam alanlar\u0131n\u0131z\u0131 daha konforlu hale getirin. Dayan\u0131kl\u0131 ve estetik tasar\u0131mlarla evinizin dekorasyonunu tamamlay\u0131n.","robots":{"index":"index","follow":"follow","max-snippet":"max-snippet:-1","max-image-preview":"max-image-preview:large","max-video-preview":"max-video-preview:-1"},"canonical":"https:\/\/bedisa.com.tr\/en_gb\/standard-radiator\/","og_locale":"en_GB","og_type":"article","og_title":"Standart Radyat\u00f6rler - BED\u0130SA","og_description":"Standart radyat\u00f6rler ile evinizin her k\u00f6\u015fesine s\u0131cakl\u0131k ve konfor getirin. Verimli \u0131s\u0131tma \u00e7\u00f6z\u00fcmlerimiz ile enerjiden tasarruf edin ve ya\u015fam alanlar\u0131n\u0131z\u0131 daha konforlu hale getirin. Dayan\u0131kl\u0131 ve estetik tasar\u0131mlarla evinizin dekorasyonunu tamamlay\u0131n.","og_url":"https:\/\/bedisa.com.tr\/en_gb\/standard-radiator\/","og_site_name":"BED\u0130SA","article_modified_time":"2025-08-19T11:33:57+00:00","twitter_card":"summary_large_image","schema":{"@context":"https:\/\/schema.org","@graph":[{"@type":"WebPage","@id":"https:\/\/bedisa.com.tr\/standard-radiator\/","url":"https:\/\/bedisa.com.tr\/standard-radiator\/","name":"Standart Radyat\u00f6rler - BED\u0130SA","isPartOf":{"@id":"https:\/\/bedisa.com.tr\/#website"},"datePublished":"2024-07-02T14:02:16+00:00","dateModified":"2025-08-19T11:33:57+00:00","description":"Standart radyat\u00f6rler ile evinizin her k\u00f6\u015fesine s\u0131cakl\u0131k ve konfor getirin. Verimli \u0131s\u0131tma \u00e7\u00f6z\u00fcmlerimiz ile enerjiden tasarruf edin ve ya\u015fam alanlar\u0131n\u0131z\u0131 daha konforlu hale getirin. Dayan\u0131kl\u0131 ve estetik tasar\u0131mlarla evinizin dekorasyonunu tamamlay\u0131n.","breadcrumb":{"@id":"https:\/\/bedisa.com.tr\/standard-radiator\/#breadcrumb"},"inLanguage":"en-GB","potentialAction":[{"@type":"ReadAction","target":["https:\/\/bedisa.com.tr\/standard-radiator\/"]}]},{"@type":"BreadcrumbList","@id":"https:\/\/bedisa.com.tr\/standard-radiator\/#breadcrumb","itemListElement":[{"@type":"ListItem","position":1,"name":"Anasayfa","item":"https:\/\/bedisa.com.tr\/"},{"@type":"ListItem","position":2,"name":"Standart Radyat\u00f6r"}]},{"@type":"WebSite","@id":"https:\/\/bedisa.com.tr\/#website","url":"https:\/\/bedisa.com.tr\/","name":"BED\u0130S","description":"","publisher":{"@id":"https:\/\/bedisa.com.tr\/#organization"},"potentialAction":[{"@type":"SearchAction","target":{"@type":"EntryPoint","urlTemplate":"https:\/\/bedisa.com.tr\/?s={search_term_string}"},"query-input":{"@type":"PropertyValueSpecification","valueRequired":true,"valueName":"search_term_string"}}],"inLanguage":"en-GB"},{"@type":"Organization","@id":"https:\/\/bedisa.com.tr\/#organization","name":"BED\u0130SA","url":"https:\/\/bedisa.com.tr\/","logo":{"@type":"ImageObject","inLanguage":"en-GB","@id":"https:\/\/bedisa.com.tr\/#\/schema\/logo\/image\/","url":"https:\/\/bedisa.com.tr\/wp-content\/uploads\/2024\/07\/bedisa-retina.webp","contentUrl":"https:\/\/bedisa.com.tr\/wp-content\/uploads\/2024\/07\/bedisa-retina.webp","width":295,"height":85,"caption":"BED\u0130SA"},"image":{"@id":"https:\/\/bedisa.com.tr\/#\/schema\/logo\/image\/"}}]}},"_links":{"self":[{"href":"https:\/\/bedisa.com.tr\/en_gb\/wp-json\/wp\/v2\/pages\/451","targetHints":{"allow":["GET"]}}],"collection":[{"href":"https:\/\/bedisa.com.tr\/en_gb\/wp-json\/wp\/v2\/pages"}],"about":[{"href":"https:\/\/bedisa.com.tr\/en_gb\/wp-json\/wp\/v2\/types\/page"}],"author":[{"embeddable":true,"href":"https:\/\/bedisa.com.tr\/en_gb\/wp-json\/wp\/v2\/users\/1"}],"replies":[{"embeddable":true,"href":"https:\/\/bedisa.com.tr\/en_gb\/wp-json\/wp\/v2\/comments?post=451"}],"version-history":[{"count":1,"href":"https:\/\/bedisa.com.tr\/en_gb\/wp-json\/wp\/v2\/pages\/451\/revisions"}],"predecessor-version":[{"id":452,"href":"https:\/\/bedisa.com.tr\/en_gb\/wp-json\/wp\/v2\/pages\/451\/revisions\/452"}],"wp:attachment":[{"href":"https:\/\/bedisa.com.tr\/en_gb\/wp-json\/wp\/v2\/media?parent=451"}],"curies":[{"name":"wp","href":"https:\/\/api.w.org\/{rel}","templated":true}]}}