{"id":614,"date":"2024-07-22T14:46:12","date_gmt":"2024-07-22T11:46:12","guid":{"rendered":"https:\/\/bedisa.com.tr\/?page_id=614"},"modified":"2024-09-14T13:04:37","modified_gmt":"2024-09-14T13:04:37","slug":"termostatik-vana","status":"publish","type":"page","link":"https:\/\/bedisa.com.tr\/en_gb\/termostatik-vana\/","title":{"rendered":"Thermostatic Head"},"content":{"rendered":"","protected":false},"excerpt":{"rendered":"","protected":false},"author":1,"featured_media":0,"parent":0,"menu_order":0,"comment_status":"closed","ping_status":"closed","template":"","meta":{"footnotes":""},"class_list":["post-614","page","type-page","status-publish","hentry"],"yoast_head":"<!-- This site is optimized with the Yoast SEO plugin v26.1.1 - https:\/\/yoast.com\/wordpress\/plugins\/seo\/ -->\n<title>Termostatik Ba\u015fl\u0131k - BED\u0130SA<\/title>\n<meta name=\"description\" content=\"Termostatik vanalar ile \u0131s\u0131 kontrol\u00fcn\u00fc elinizde tutun. Enerji verimlili\u011fini art\u0131ran ve s\u0131cakl\u0131k dalgalanmalar\u0131n\u0131 \u00f6nleyen bu ak\u0131ll\u0131 \u00e7\u00f6z\u00fcmler, konforlu ve tasarruflu bir ya\u015fam alan\u0131 sa\u011flar. Ev ve i\u015f yerlerinizde ideal s\u0131cakl\u0131\u011f\u0131 koruyun.\" \/>\n<meta name=\"robots\" content=\"index, follow, max-snippet:-1, max-image-preview:large, max-video-preview:-1\" \/>\n<link rel=\"canonical\" href=\"https:\/\/bedisa.com.tr\/en_gb\/termostatik-vana\/\" \/>\n<meta property=\"og:locale\" content=\"en_GB\" \/>\n<meta property=\"og:type\" content=\"article\" \/>\n<meta property=\"og:title\" content=\"Termostatik Ba\u015fl\u0131k - BED\u0130SA\" \/>\n<meta property=\"og:description\" content=\"Termostatik vanalar ile \u0131s\u0131 kontrol\u00fcn\u00fc elinizde tutun. Enerji verimlili\u011fini art\u0131ran ve s\u0131cakl\u0131k dalgalanmalar\u0131n\u0131 \u00f6nleyen bu ak\u0131ll\u0131 \u00e7\u00f6z\u00fcmler, konforlu ve tasarruflu bir ya\u015fam alan\u0131 sa\u011flar. Ev ve i\u015f yerlerinizde ideal s\u0131cakl\u0131\u011f\u0131 koruyun.\" \/>\n<meta property=\"og:url\" content=\"https:\/\/bedisa.com.tr\/en_gb\/termostatik-vana\/\" \/>\n<meta property=\"og:site_name\" content=\"BED\u0130SA\" \/>\n<meta property=\"article:modified_time\" content=\"2024-09-14T13:04:37+00:00\" \/>\n<meta name=\"twitter:card\" content=\"summary_large_image\" \/>\n<script type=\"application\/ld+json\" class=\"yoast-schema-graph\">{\"@context\":\"https:\/\/schema.org\",\"@graph\":[{\"@type\":\"WebPage\",\"@id\":\"https:\/\/bedisa.com.tr\/termostatik-vana\/\",\"url\":\"https:\/\/bedisa.com.tr\/termostatik-vana\/\",\"name\":\"Termostatik Ba\u015fl\u0131k - BED\u0130SA\",\"isPartOf\":{\"@id\":\"https:\/\/bedisa.com.tr\/#website\"},\"datePublished\":\"2024-07-22T11:46:12+00:00\",\"dateModified\":\"2024-09-14T13:04:37+00:00\",\"description\":\"Termostatik vanalar ile \u0131s\u0131 kontrol\u00fcn\u00fc elinizde tutun. Enerji verimlili\u011fini art\u0131ran ve s\u0131cakl\u0131k dalgalanmalar\u0131n\u0131 \u00f6nleyen bu ak\u0131ll\u0131 \u00e7\u00f6z\u00fcmler, konforlu ve tasarruflu bir ya\u015fam alan\u0131 sa\u011flar. Ev ve i\u015f yerlerinizde ideal s\u0131cakl\u0131\u011f\u0131 koruyun.\",\"breadcrumb\":{\"@id\":\"https:\/\/bedisa.com.tr\/termostatik-vana\/#breadcrumb\"},\"inLanguage\":\"en-GB\",\"potentialAction\":[{\"@type\":\"ReadAction\",\"target\":[\"https:\/\/bedisa.com.tr\/termostatik-vana\/\"]}]},{\"@type\":\"BreadcrumbList\",\"@id\":\"https:\/\/bedisa.com.tr\/termostatik-vana\/#breadcrumb\",\"itemListElement\":[{\"@type\":\"ListItem\",\"position\":1,\"name\":\"Anasayfa\",\"item\":\"https:\/\/bedisa.com.tr\/\"},{\"@type\":\"ListItem\",\"position\":2,\"name\":\"Termostatik Ba\u015fl\u0131k\"}]},{\"@type\":\"WebSite\",\"@id\":\"https:\/\/bedisa.com.tr\/#website\",\"url\":\"https:\/\/bedisa.com.tr\/\",\"name\":\"BED\u0130S\",\"description\":\"\",\"publisher\":{\"@id\":\"https:\/\/bedisa.com.tr\/#organization\"},\"potentialAction\":[{\"@type\":\"SearchAction\",\"target\":{\"@type\":\"EntryPoint\",\"urlTemplate\":\"https:\/\/bedisa.com.tr\/?s={search_term_string}\"},\"query-input\":{\"@type\":\"PropertyValueSpecification\",\"valueRequired\":true,\"valueName\":\"search_term_string\"}}],\"inLanguage\":\"en-GB\"},{\"@type\":\"Organization\",\"@id\":\"https:\/\/bedisa.com.tr\/#organization\",\"name\":\"BED\u0130SA\",\"url\":\"https:\/\/bedisa.com.tr\/\",\"logo\":{\"@type\":\"ImageObject\",\"inLanguage\":\"en-GB\",\"@id\":\"https:\/\/bedisa.com.tr\/#\/schema\/logo\/image\/\",\"url\":\"https:\/\/bedisa.com.tr\/wp-content\/uploads\/2024\/07\/bedisa-retina.webp\",\"contentUrl\":\"https:\/\/bedisa.com.tr\/wp-content\/uploads\/2024\/07\/bedisa-retina.webp\",\"width\":295,\"height\":85,\"caption\":\"BED\u0130SA\"},\"image\":{\"@id\":\"https:\/\/bedisa.com.tr\/#\/schema\/logo\/image\/\"}}]}<\/script>\n<!-- \/ Yoast SEO plugin. -->","yoast_head_json":{"title":"Termostatik Ba\u015fl\u0131k - BED\u0130SA","description":"Termostatik vanalar ile \u0131s\u0131 kontrol\u00fcn\u00fc elinizde tutun. Enerji verimlili\u011fini art\u0131ran ve s\u0131cakl\u0131k dalgalanmalar\u0131n\u0131 \u00f6nleyen bu ak\u0131ll\u0131 \u00e7\u00f6z\u00fcmler, konforlu ve tasarruflu bir ya\u015fam alan\u0131 sa\u011flar. Ev ve i\u015f yerlerinizde ideal s\u0131cakl\u0131\u011f\u0131 koruyun.","robots":{"index":"index","follow":"follow","max-snippet":"max-snippet:-1","max-image-preview":"max-image-preview:large","max-video-preview":"max-video-preview:-1"},"canonical":"https:\/\/bedisa.com.tr\/en_gb\/termostatik-vana\/","og_locale":"en_GB","og_type":"article","og_title":"Termostatik Ba\u015fl\u0131k - BED\u0130SA","og_description":"Termostatik vanalar ile \u0131s\u0131 kontrol\u00fcn\u00fc elinizde tutun. Enerji verimlili\u011fini art\u0131ran ve s\u0131cakl\u0131k dalgalanmalar\u0131n\u0131 \u00f6nleyen bu ak\u0131ll\u0131 \u00e7\u00f6z\u00fcmler, konforlu ve tasarruflu bir ya\u015fam alan\u0131 sa\u011flar. Ev ve i\u015f yerlerinizde ideal s\u0131cakl\u0131\u011f\u0131 koruyun.","og_url":"https:\/\/bedisa.com.tr\/en_gb\/termostatik-vana\/","og_site_name":"BED\u0130SA","article_modified_time":"2024-09-14T13:04:37+00:00","twitter_card":"summary_large_image","schema":{"@context":"https:\/\/schema.org","@graph":[{"@type":"WebPage","@id":"https:\/\/bedisa.com.tr\/termostatik-vana\/","url":"https:\/\/bedisa.com.tr\/termostatik-vana\/","name":"Termostatik Ba\u015fl\u0131k - BED\u0130SA","isPartOf":{"@id":"https:\/\/bedisa.com.tr\/#website"},"datePublished":"2024-07-22T11:46:12+00:00","dateModified":"2024-09-14T13:04:37+00:00","description":"Termostatik vanalar ile \u0131s\u0131 kontrol\u00fcn\u00fc elinizde tutun. Enerji verimlili\u011fini art\u0131ran ve s\u0131cakl\u0131k dalgalanmalar\u0131n\u0131 \u00f6nleyen bu ak\u0131ll\u0131 \u00e7\u00f6z\u00fcmler, konforlu ve tasarruflu bir ya\u015fam alan\u0131 sa\u011flar. Ev ve i\u015f yerlerinizde ideal s\u0131cakl\u0131\u011f\u0131 koruyun.","breadcrumb":{"@id":"https:\/\/bedisa.com.tr\/termostatik-vana\/#breadcrumb"},"inLanguage":"en-GB","potentialAction":[{"@type":"ReadAction","target":["https:\/\/bedisa.com.tr\/termostatik-vana\/"]}]},{"@type":"BreadcrumbList","@id":"https:\/\/bedisa.com.tr\/termostatik-vana\/#breadcrumb","itemListElement":[{"@type":"ListItem","position":1,"name":"Anasayfa","item":"https:\/\/bedisa.com.tr\/"},{"@type":"ListItem","position":2,"name":"Termostatik Ba\u015fl\u0131k"}]},{"@type":"WebSite","@id":"https:\/\/bedisa.com.tr\/#website","url":"https:\/\/bedisa.com.tr\/","name":"BED\u0130S","description":"","publisher":{"@id":"https:\/\/bedisa.com.tr\/#organization"},"potentialAction":[{"@type":"SearchAction","target":{"@type":"EntryPoint","urlTemplate":"https:\/\/bedisa.com.tr\/?s={search_term_string}"},"query-input":{"@type":"PropertyValueSpecification","valueRequired":true,"valueName":"search_term_string"}}],"inLanguage":"en-GB"},{"@type":"Organization","@id":"https:\/\/bedisa.com.tr\/#organization","name":"BED\u0130SA","url":"https:\/\/bedisa.com.tr\/","logo":{"@type":"ImageObject","inLanguage":"en-GB","@id":"https:\/\/bedisa.com.tr\/#\/schema\/logo\/image\/","url":"https:\/\/bedisa.com.tr\/wp-content\/uploads\/2024\/07\/bedisa-retina.webp","contentUrl":"https:\/\/bedisa.com.tr\/wp-content\/uploads\/2024\/07\/bedisa-retina.webp","width":295,"height":85,"caption":"BED\u0130SA"},"image":{"@id":"https:\/\/bedisa.com.tr\/#\/schema\/logo\/image\/"}}]}},"_links":{"self":[{"href":"https:\/\/bedisa.com.tr\/en_gb\/wp-json\/wp\/v2\/pages\/614","targetHints":{"allow":["GET"]}}],"collection":[{"href":"https:\/\/bedisa.com.tr\/en_gb\/wp-json\/wp\/v2\/pages"}],"about":[{"href":"https:\/\/bedisa.com.tr\/en_gb\/wp-json\/wp\/v2\/types\/page"}],"author":[{"embeddable":true,"href":"https:\/\/bedisa.com.tr\/en_gb\/wp-json\/wp\/v2\/users\/1"}],"replies":[{"embeddable":true,"href":"https:\/\/bedisa.com.tr\/en_gb\/wp-json\/wp\/v2\/comments?post=614"}],"version-history":[{"count":2,"href":"https:\/\/bedisa.com.tr\/en_gb\/wp-json\/wp\/v2\/pages\/614\/revisions"}],"predecessor-version":[{"id":952,"href":"https:\/\/bedisa.com.tr\/en_gb\/wp-json\/wp\/v2\/pages\/614\/revisions\/952"}],"wp:attachment":[{"href":"https:\/\/bedisa.com.tr\/en_gb\/wp-json\/wp\/v2\/media?parent=614"}],"curies":[{"name":"wp","href":"https:\/\/api.w.org\/{rel}","templated":true}]}}