{"id":632,"date":"2024-07-23T10:38:54","date_gmt":"2024-07-23T07:38:54","guid":{"rendered":"https:\/\/bedisa.com.tr\/?page_id=632"},"modified":"2024-09-14T13:05:43","modified_gmt":"2024-09-14T13:05:43","slug":"accessory","status":"publish","type":"page","link":"https:\/\/bedisa.com.tr\/en_gb\/accessory\/","title":{"rendered":"Accessories"},"content":{"rendered":"","protected":false},"excerpt":{"rendered":"","protected":false},"author":1,"featured_media":0,"parent":0,"menu_order":0,"comment_status":"closed","ping_status":"closed","template":"","meta":{"footnotes":""},"class_list":["post-632","page","type-page","status-publish","hentry"],"yoast_head":"<!-- This site is optimized with the Yoast SEO plugin v26.1.1 - https:\/\/yoast.com\/wordpress\/plugins\/seo\/ -->\n<title>Aksesuarlar - BED\u0130SA<\/title>\n<meta name=\"description\" content=\"Panel radyat\u00f6r aksesuarlar\u0131 ile \u0131s\u0131tma sisteminizi tamamlay\u0131n. \u015e\u0131k ve i\u015flevsel \u00e7\u00f6z\u00fcmlerimiz, montaj, bak\u0131m ve performans\u0131n\u0131z\u0131 art\u0131rmak i\u00e7in tasarland\u0131. Radyat\u00f6r kapaklar\u0131, valfler ve di\u011fer aksesuarlarla hem estetik hem de fonksiyonel bir \u0131s\u0131tma deneyimi ya\u015fay\u0131n.\" \/>\n<meta name=\"robots\" content=\"index, follow, max-snippet:-1, max-image-preview:large, max-video-preview:-1\" \/>\n<link rel=\"canonical\" href=\"https:\/\/bedisa.com.tr\/en_gb\/accessory\/\" \/>\n<meta property=\"og:locale\" content=\"en_GB\" \/>\n<meta property=\"og:type\" content=\"article\" \/>\n<meta property=\"og:title\" content=\"Aksesuarlar - BED\u0130SA\" \/>\n<meta property=\"og:description\" content=\"Panel radyat\u00f6r aksesuarlar\u0131 ile \u0131s\u0131tma sisteminizi tamamlay\u0131n. \u015e\u0131k ve i\u015flevsel \u00e7\u00f6z\u00fcmlerimiz, montaj, bak\u0131m ve performans\u0131n\u0131z\u0131 art\u0131rmak i\u00e7in tasarland\u0131. Radyat\u00f6r kapaklar\u0131, valfler ve di\u011fer aksesuarlarla hem estetik hem de fonksiyonel bir \u0131s\u0131tma deneyimi ya\u015fay\u0131n.\" \/>\n<meta property=\"og:url\" content=\"https:\/\/bedisa.com.tr\/en_gb\/accessory\/\" \/>\n<meta property=\"og:site_name\" content=\"BED\u0130SA\" \/>\n<meta property=\"article:modified_time\" content=\"2024-09-14T13:05:43+00:00\" \/>\n<meta name=\"twitter:card\" content=\"summary_large_image\" \/>\n<script type=\"application\/ld+json\" class=\"yoast-schema-graph\">{\"@context\":\"https:\/\/schema.org\",\"@graph\":[{\"@type\":\"WebPage\",\"@id\":\"https:\/\/bedisa.com.tr\/accessory\/\",\"url\":\"https:\/\/bedisa.com.tr\/accessory\/\",\"name\":\"Aksesuarlar - BED\u0130SA\",\"isPartOf\":{\"@id\":\"https:\/\/bedisa.com.tr\/#website\"},\"datePublished\":\"2024-07-23T07:38:54+00:00\",\"dateModified\":\"2024-09-14T13:05:43+00:00\",\"description\":\"Panel radyat\u00f6r aksesuarlar\u0131 ile \u0131s\u0131tma sisteminizi tamamlay\u0131n. \u015e\u0131k ve i\u015flevsel \u00e7\u00f6z\u00fcmlerimiz, montaj, bak\u0131m ve performans\u0131n\u0131z\u0131 art\u0131rmak i\u00e7in tasarland\u0131. Radyat\u00f6r kapaklar\u0131, valfler ve di\u011fer aksesuarlarla hem estetik hem de fonksiyonel bir \u0131s\u0131tma deneyimi ya\u015fay\u0131n.\",\"breadcrumb\":{\"@id\":\"https:\/\/bedisa.com.tr\/accessory\/#breadcrumb\"},\"inLanguage\":\"en-GB\",\"potentialAction\":[{\"@type\":\"ReadAction\",\"target\":[\"https:\/\/bedisa.com.tr\/accessory\/\"]}]},{\"@type\":\"BreadcrumbList\",\"@id\":\"https:\/\/bedisa.com.tr\/accessory\/#breadcrumb\",\"itemListElement\":[{\"@type\":\"ListItem\",\"position\":1,\"name\":\"Anasayfa\",\"item\":\"https:\/\/bedisa.com.tr\/\"},{\"@type\":\"ListItem\",\"position\":2,\"name\":\"Aksesuar\"}]},{\"@type\":\"WebSite\",\"@id\":\"https:\/\/bedisa.com.tr\/#website\",\"url\":\"https:\/\/bedisa.com.tr\/\",\"name\":\"BED\u0130S\",\"description\":\"\",\"publisher\":{\"@id\":\"https:\/\/bedisa.com.tr\/#organization\"},\"potentialAction\":[{\"@type\":\"SearchAction\",\"target\":{\"@type\":\"EntryPoint\",\"urlTemplate\":\"https:\/\/bedisa.com.tr\/?s={search_term_string}\"},\"query-input\":{\"@type\":\"PropertyValueSpecification\",\"valueRequired\":true,\"valueName\":\"search_term_string\"}}],\"inLanguage\":\"en-GB\"},{\"@type\":\"Organization\",\"@id\":\"https:\/\/bedisa.com.tr\/#organization\",\"name\":\"BED\u0130SA\",\"url\":\"https:\/\/bedisa.com.tr\/\",\"logo\":{\"@type\":\"ImageObject\",\"inLanguage\":\"en-GB\",\"@id\":\"https:\/\/bedisa.com.tr\/#\/schema\/logo\/image\/\",\"url\":\"https:\/\/bedisa.com.tr\/wp-content\/uploads\/2024\/07\/bedisa-retina.webp\",\"contentUrl\":\"https:\/\/bedisa.com.tr\/wp-content\/uploads\/2024\/07\/bedisa-retina.webp\",\"width\":295,\"height\":85,\"caption\":\"BED\u0130SA\"},\"image\":{\"@id\":\"https:\/\/bedisa.com.tr\/#\/schema\/logo\/image\/\"}}]}<\/script>\n<!-- \/ Yoast SEO plugin. -->","yoast_head_json":{"title":"Aksesuarlar - BED\u0130SA","description":"Panel radyat\u00f6r aksesuarlar\u0131 ile \u0131s\u0131tma sisteminizi tamamlay\u0131n. \u015e\u0131k ve i\u015flevsel \u00e7\u00f6z\u00fcmlerimiz, montaj, bak\u0131m ve performans\u0131n\u0131z\u0131 art\u0131rmak i\u00e7in tasarland\u0131. Radyat\u00f6r kapaklar\u0131, valfler ve di\u011fer aksesuarlarla hem estetik hem de fonksiyonel bir \u0131s\u0131tma deneyimi ya\u015fay\u0131n.","robots":{"index":"index","follow":"follow","max-snippet":"max-snippet:-1","max-image-preview":"max-image-preview:large","max-video-preview":"max-video-preview:-1"},"canonical":"https:\/\/bedisa.com.tr\/en_gb\/accessory\/","og_locale":"en_GB","og_type":"article","og_title":"Aksesuarlar - BED\u0130SA","og_description":"Panel radyat\u00f6r aksesuarlar\u0131 ile \u0131s\u0131tma sisteminizi tamamlay\u0131n. \u015e\u0131k ve i\u015flevsel \u00e7\u00f6z\u00fcmlerimiz, montaj, bak\u0131m ve performans\u0131n\u0131z\u0131 art\u0131rmak i\u00e7in tasarland\u0131. Radyat\u00f6r kapaklar\u0131, valfler ve di\u011fer aksesuarlarla hem estetik hem de fonksiyonel bir \u0131s\u0131tma deneyimi ya\u015fay\u0131n.","og_url":"https:\/\/bedisa.com.tr\/en_gb\/accessory\/","og_site_name":"BED\u0130SA","article_modified_time":"2024-09-14T13:05:43+00:00","twitter_card":"summary_large_image","schema":{"@context":"https:\/\/schema.org","@graph":[{"@type":"WebPage","@id":"https:\/\/bedisa.com.tr\/accessory\/","url":"https:\/\/bedisa.com.tr\/accessory\/","name":"Aksesuarlar - BED\u0130SA","isPartOf":{"@id":"https:\/\/bedisa.com.tr\/#website"},"datePublished":"2024-07-23T07:38:54+00:00","dateModified":"2024-09-14T13:05:43+00:00","description":"Panel radyat\u00f6r aksesuarlar\u0131 ile \u0131s\u0131tma sisteminizi tamamlay\u0131n. \u015e\u0131k ve i\u015flevsel \u00e7\u00f6z\u00fcmlerimiz, montaj, bak\u0131m ve performans\u0131n\u0131z\u0131 art\u0131rmak i\u00e7in tasarland\u0131. Radyat\u00f6r kapaklar\u0131, valfler ve di\u011fer aksesuarlarla hem estetik hem de fonksiyonel bir \u0131s\u0131tma deneyimi ya\u015fay\u0131n.","breadcrumb":{"@id":"https:\/\/bedisa.com.tr\/accessory\/#breadcrumb"},"inLanguage":"en-GB","potentialAction":[{"@type":"ReadAction","target":["https:\/\/bedisa.com.tr\/accessory\/"]}]},{"@type":"BreadcrumbList","@id":"https:\/\/bedisa.com.tr\/accessory\/#breadcrumb","itemListElement":[{"@type":"ListItem","position":1,"name":"Anasayfa","item":"https:\/\/bedisa.com.tr\/"},{"@type":"ListItem","position":2,"name":"Aksesuar"}]},{"@type":"WebSite","@id":"https:\/\/bedisa.com.tr\/#website","url":"https:\/\/bedisa.com.tr\/","name":"BED\u0130S","description":"","publisher":{"@id":"https:\/\/bedisa.com.tr\/#organization"},"potentialAction":[{"@type":"SearchAction","target":{"@type":"EntryPoint","urlTemplate":"https:\/\/bedisa.com.tr\/?s={search_term_string}"},"query-input":{"@type":"PropertyValueSpecification","valueRequired":true,"valueName":"search_term_string"}}],"inLanguage":"en-GB"},{"@type":"Organization","@id":"https:\/\/bedisa.com.tr\/#organization","name":"BED\u0130SA","url":"https:\/\/bedisa.com.tr\/","logo":{"@type":"ImageObject","inLanguage":"en-GB","@id":"https:\/\/bedisa.com.tr\/#\/schema\/logo\/image\/","url":"https:\/\/bedisa.com.tr\/wp-content\/uploads\/2024\/07\/bedisa-retina.webp","contentUrl":"https:\/\/bedisa.com.tr\/wp-content\/uploads\/2024\/07\/bedisa-retina.webp","width":295,"height":85,"caption":"BED\u0130SA"},"image":{"@id":"https:\/\/bedisa.com.tr\/#\/schema\/logo\/image\/"}}]}},"_links":{"self":[{"href":"https:\/\/bedisa.com.tr\/en_gb\/wp-json\/wp\/v2\/pages\/632","targetHints":{"allow":["GET"]}}],"collection":[{"href":"https:\/\/bedisa.com.tr\/en_gb\/wp-json\/wp\/v2\/pages"}],"about":[{"href":"https:\/\/bedisa.com.tr\/en_gb\/wp-json\/wp\/v2\/types\/page"}],"author":[{"embeddable":true,"href":"https:\/\/bedisa.com.tr\/en_gb\/wp-json\/wp\/v2\/users\/1"}],"replies":[{"embeddable":true,"href":"https:\/\/bedisa.com.tr\/en_gb\/wp-json\/wp\/v2\/comments?post=632"}],"version-history":[{"count":1,"href":"https:\/\/bedisa.com.tr\/en_gb\/wp-json\/wp\/v2\/pages\/632\/revisions"}],"predecessor-version":[{"id":633,"href":"https:\/\/bedisa.com.tr\/en_gb\/wp-json\/wp\/v2\/pages\/632\/revisions\/633"}],"wp:attachment":[{"href":"https:\/\/bedisa.com.tr\/en_gb\/wp-json\/wp\/v2\/media?parent=632"}],"curies":[{"name":"wp","href":"https:\/\/api.w.org\/{rel}","templated":true}]}}