{"id":671,"date":"2024-07-25T12:08:05","date_gmt":"2024-07-25T09:08:05","guid":{"rendered":"https:\/\/bedisa.com.tr\/?page_id=671"},"modified":"2024-08-02T07:14:05","modified_gmt":"2024-08-02T07:14:05","slug":"kose-radyator-vanasi-celik-boru-icin-o-ringli","status":"publish","type":"page","link":"https:\/\/bedisa.com.tr\/en_gb\/kose-radyator-vanasi-celik-boru-icin-o-ringli\/","title":{"rendered":"Pex Connection Angle Radiator Valve (With O-ring)"},"content":{"rendered":"","protected":false},"excerpt":{"rendered":"","protected":false},"author":1,"featured_media":0,"parent":0,"menu_order":0,"comment_status":"closed","ping_status":"closed","template":"","meta":{"footnotes":""},"class_list":["post-671","page","type-page","status-publish","hentry"],"yoast_head":"<!-- This site is optimized with the Yoast SEO plugin v26.1.1 - https:\/\/yoast.com\/wordpress\/plugins\/seo\/ -->\n<title>Pex U\u00e7lu K\u00f6\u015fe Radyat\u00f6r Vanas\u0131(O-Ringli) - BED\u0130SA<\/title>\n<meta name=\"description\" content=\"O-ringli k\u00f6\u015fe radyat\u00f6r vanas\u0131, \u00e7elik boru ba\u011flant\u0131lar\u0131 i\u00e7in m\u00fckemmel bir \u00e7\u00f6z\u00fcmd\u00fcr. S\u0131zd\u0131rmazl\u0131k sa\u011flayan O-ring yap\u0131s\u0131 ve dayan\u0131kl\u0131 malzemeleri ile uzun \u00f6m\u00fcrl\u00fc ve g\u00fcvenilirdir. Kolay montaj ve modern tasar\u0131m\u0131 ile \u0131s\u0131nma sisteminizin verimlili\u011fini art\u0131r\u0131r.\" \/>\n<meta name=\"robots\" content=\"index, follow, max-snippet:-1, max-image-preview:large, max-video-preview:-1\" \/>\n<link rel=\"canonical\" href=\"https:\/\/bedisa.com.tr\/en_gb\/kose-radyator-vanasi-celik-boru-icin-o-ringli\/\" \/>\n<meta property=\"og:locale\" content=\"en_GB\" \/>\n<meta property=\"og:type\" content=\"article\" \/>\n<meta property=\"og:title\" content=\"Pex U\u00e7lu K\u00f6\u015fe Radyat\u00f6r Vanas\u0131(O-Ringli) - BED\u0130SA\" \/>\n<meta property=\"og:description\" content=\"O-ringli k\u00f6\u015fe radyat\u00f6r vanas\u0131, \u00e7elik boru ba\u011flant\u0131lar\u0131 i\u00e7in m\u00fckemmel bir \u00e7\u00f6z\u00fcmd\u00fcr. S\u0131zd\u0131rmazl\u0131k sa\u011flayan O-ring yap\u0131s\u0131 ve dayan\u0131kl\u0131 malzemeleri ile uzun \u00f6m\u00fcrl\u00fc ve g\u00fcvenilirdir. Kolay montaj ve modern tasar\u0131m\u0131 ile \u0131s\u0131nma sisteminizin verimlili\u011fini art\u0131r\u0131r.\" \/>\n<meta property=\"og:url\" content=\"https:\/\/bedisa.com.tr\/en_gb\/kose-radyator-vanasi-celik-boru-icin-o-ringli\/\" \/>\n<meta property=\"og:site_name\" content=\"BED\u0130SA\" \/>\n<meta property=\"article:modified_time\" content=\"2024-08-02T07:14:05+00:00\" \/>\n<meta name=\"twitter:card\" content=\"summary_large_image\" \/>\n<script type=\"application\/ld+json\" class=\"yoast-schema-graph\">{\"@context\":\"https:\/\/schema.org\",\"@graph\":[{\"@type\":\"WebPage\",\"@id\":\"https:\/\/bedisa.com.tr\/kose-radyator-vanasi-celik-boru-icin-o-ringli\/\",\"url\":\"https:\/\/bedisa.com.tr\/kose-radyator-vanasi-celik-boru-icin-o-ringli\/\",\"name\":\"Pex U\u00e7lu K\u00f6\u015fe Radyat\u00f6r Vanas\u0131(O-Ringli) - BED\u0130SA\",\"isPartOf\":{\"@id\":\"https:\/\/bedisa.com.tr\/#website\"},\"datePublished\":\"2024-07-25T09:08:05+00:00\",\"dateModified\":\"2024-08-02T07:14:05+00:00\",\"description\":\"O-ringli k\u00f6\u015fe radyat\u00f6r vanas\u0131, \u00e7elik boru ba\u011flant\u0131lar\u0131 i\u00e7in m\u00fckemmel bir \u00e7\u00f6z\u00fcmd\u00fcr. S\u0131zd\u0131rmazl\u0131k sa\u011flayan O-ring yap\u0131s\u0131 ve dayan\u0131kl\u0131 malzemeleri ile uzun \u00f6m\u00fcrl\u00fc ve g\u00fcvenilirdir. Kolay montaj ve modern tasar\u0131m\u0131 ile \u0131s\u0131nma sisteminizin verimlili\u011fini art\u0131r\u0131r.\",\"breadcrumb\":{\"@id\":\"https:\/\/bedisa.com.tr\/kose-radyator-vanasi-celik-boru-icin-o-ringli\/#breadcrumb\"},\"inLanguage\":\"en-GB\",\"potentialAction\":[{\"@type\":\"ReadAction\",\"target\":[\"https:\/\/bedisa.com.tr\/kose-radyator-vanasi-celik-boru-icin-o-ringli\/\"]}]},{\"@type\":\"BreadcrumbList\",\"@id\":\"https:\/\/bedisa.com.tr\/kose-radyator-vanasi-celik-boru-icin-o-ringli\/#breadcrumb\",\"itemListElement\":[{\"@type\":\"ListItem\",\"position\":1,\"name\":\"Anasayfa\",\"item\":\"https:\/\/bedisa.com.tr\/\"},{\"@type\":\"ListItem\",\"position\":2,\"name\":\"Pex U\u00e7lu K\u00f6\u015fe Radyat\u00f6r Vanas\u0131(O-Ringli)\"}]},{\"@type\":\"WebSite\",\"@id\":\"https:\/\/bedisa.com.tr\/#website\",\"url\":\"https:\/\/bedisa.com.tr\/\",\"name\":\"BED\u0130S\",\"description\":\"\",\"publisher\":{\"@id\":\"https:\/\/bedisa.com.tr\/#organization\"},\"potentialAction\":[{\"@type\":\"SearchAction\",\"target\":{\"@type\":\"EntryPoint\",\"urlTemplate\":\"https:\/\/bedisa.com.tr\/?s={search_term_string}\"},\"query-input\":{\"@type\":\"PropertyValueSpecification\",\"valueRequired\":true,\"valueName\":\"search_term_string\"}}],\"inLanguage\":\"en-GB\"},{\"@type\":\"Organization\",\"@id\":\"https:\/\/bedisa.com.tr\/#organization\",\"name\":\"BED\u0130SA\",\"url\":\"https:\/\/bedisa.com.tr\/\",\"logo\":{\"@type\":\"ImageObject\",\"inLanguage\":\"en-GB\",\"@id\":\"https:\/\/bedisa.com.tr\/#\/schema\/logo\/image\/\",\"url\":\"https:\/\/bedisa.com.tr\/wp-content\/uploads\/2024\/07\/bedisa-retina.webp\",\"contentUrl\":\"https:\/\/bedisa.com.tr\/wp-content\/uploads\/2024\/07\/bedisa-retina.webp\",\"width\":295,\"height\":85,\"caption\":\"BED\u0130SA\"},\"image\":{\"@id\":\"https:\/\/bedisa.com.tr\/#\/schema\/logo\/image\/\"}}]}<\/script>\n<!-- \/ Yoast SEO plugin. -->","yoast_head_json":{"title":"Pex U\u00e7lu K\u00f6\u015fe Radyat\u00f6r Vanas\u0131(O-Ringli) - BED\u0130SA","description":"O-ringli k\u00f6\u015fe radyat\u00f6r vanas\u0131, \u00e7elik boru ba\u011flant\u0131lar\u0131 i\u00e7in m\u00fckemmel bir \u00e7\u00f6z\u00fcmd\u00fcr. S\u0131zd\u0131rmazl\u0131k sa\u011flayan O-ring yap\u0131s\u0131 ve dayan\u0131kl\u0131 malzemeleri ile uzun \u00f6m\u00fcrl\u00fc ve g\u00fcvenilirdir. Kolay montaj ve modern tasar\u0131m\u0131 ile \u0131s\u0131nma sisteminizin verimlili\u011fini art\u0131r\u0131r.","robots":{"index":"index","follow":"follow","max-snippet":"max-snippet:-1","max-image-preview":"max-image-preview:large","max-video-preview":"max-video-preview:-1"},"canonical":"https:\/\/bedisa.com.tr\/en_gb\/kose-radyator-vanasi-celik-boru-icin-o-ringli\/","og_locale":"en_GB","og_type":"article","og_title":"Pex U\u00e7lu K\u00f6\u015fe Radyat\u00f6r Vanas\u0131(O-Ringli) - BED\u0130SA","og_description":"O-ringli k\u00f6\u015fe radyat\u00f6r vanas\u0131, \u00e7elik boru ba\u011flant\u0131lar\u0131 i\u00e7in m\u00fckemmel bir \u00e7\u00f6z\u00fcmd\u00fcr. S\u0131zd\u0131rmazl\u0131k sa\u011flayan O-ring yap\u0131s\u0131 ve dayan\u0131kl\u0131 malzemeleri ile uzun \u00f6m\u00fcrl\u00fc ve g\u00fcvenilirdir. Kolay montaj ve modern tasar\u0131m\u0131 ile \u0131s\u0131nma sisteminizin verimlili\u011fini art\u0131r\u0131r.","og_url":"https:\/\/bedisa.com.tr\/en_gb\/kose-radyator-vanasi-celik-boru-icin-o-ringli\/","og_site_name":"BED\u0130SA","article_modified_time":"2024-08-02T07:14:05+00:00","twitter_card":"summary_large_image","schema":{"@context":"https:\/\/schema.org","@graph":[{"@type":"WebPage","@id":"https:\/\/bedisa.com.tr\/kose-radyator-vanasi-celik-boru-icin-o-ringli\/","url":"https:\/\/bedisa.com.tr\/kose-radyator-vanasi-celik-boru-icin-o-ringli\/","name":"Pex U\u00e7lu K\u00f6\u015fe Radyat\u00f6r Vanas\u0131(O-Ringli) - BED\u0130SA","isPartOf":{"@id":"https:\/\/bedisa.com.tr\/#website"},"datePublished":"2024-07-25T09:08:05+00:00","dateModified":"2024-08-02T07:14:05+00:00","description":"O-ringli k\u00f6\u015fe radyat\u00f6r vanas\u0131, \u00e7elik boru ba\u011flant\u0131lar\u0131 i\u00e7in m\u00fckemmel bir \u00e7\u00f6z\u00fcmd\u00fcr. S\u0131zd\u0131rmazl\u0131k sa\u011flayan O-ring yap\u0131s\u0131 ve dayan\u0131kl\u0131 malzemeleri ile uzun \u00f6m\u00fcrl\u00fc ve g\u00fcvenilirdir. Kolay montaj ve modern tasar\u0131m\u0131 ile \u0131s\u0131nma sisteminizin verimlili\u011fini art\u0131r\u0131r.","breadcrumb":{"@id":"https:\/\/bedisa.com.tr\/kose-radyator-vanasi-celik-boru-icin-o-ringli\/#breadcrumb"},"inLanguage":"en-GB","potentialAction":[{"@type":"ReadAction","target":["https:\/\/bedisa.com.tr\/kose-radyator-vanasi-celik-boru-icin-o-ringli\/"]}]},{"@type":"BreadcrumbList","@id":"https:\/\/bedisa.com.tr\/kose-radyator-vanasi-celik-boru-icin-o-ringli\/#breadcrumb","itemListElement":[{"@type":"ListItem","position":1,"name":"Anasayfa","item":"https:\/\/bedisa.com.tr\/"},{"@type":"ListItem","position":2,"name":"Pex U\u00e7lu K\u00f6\u015fe Radyat\u00f6r Vanas\u0131(O-Ringli)"}]},{"@type":"WebSite","@id":"https:\/\/bedisa.com.tr\/#website","url":"https:\/\/bedisa.com.tr\/","name":"BED\u0130S","description":"","publisher":{"@id":"https:\/\/bedisa.com.tr\/#organization"},"potentialAction":[{"@type":"SearchAction","target":{"@type":"EntryPoint","urlTemplate":"https:\/\/bedisa.com.tr\/?s={search_term_string}"},"query-input":{"@type":"PropertyValueSpecification","valueRequired":true,"valueName":"search_term_string"}}],"inLanguage":"en-GB"},{"@type":"Organization","@id":"https:\/\/bedisa.com.tr\/#organization","name":"BED\u0130SA","url":"https:\/\/bedisa.com.tr\/","logo":{"@type":"ImageObject","inLanguage":"en-GB","@id":"https:\/\/bedisa.com.tr\/#\/schema\/logo\/image\/","url":"https:\/\/bedisa.com.tr\/wp-content\/uploads\/2024\/07\/bedisa-retina.webp","contentUrl":"https:\/\/bedisa.com.tr\/wp-content\/uploads\/2024\/07\/bedisa-retina.webp","width":295,"height":85,"caption":"BED\u0130SA"},"image":{"@id":"https:\/\/bedisa.com.tr\/#\/schema\/logo\/image\/"}}]}},"_links":{"self":[{"href":"https:\/\/bedisa.com.tr\/en_gb\/wp-json\/wp\/v2\/pages\/671","targetHints":{"allow":["GET"]}}],"collection":[{"href":"https:\/\/bedisa.com.tr\/en_gb\/wp-json\/wp\/v2\/pages"}],"about":[{"href":"https:\/\/bedisa.com.tr\/en_gb\/wp-json\/wp\/v2\/types\/page"}],"author":[{"embeddable":true,"href":"https:\/\/bedisa.com.tr\/en_gb\/wp-json\/wp\/v2\/users\/1"}],"replies":[{"embeddable":true,"href":"https:\/\/bedisa.com.tr\/en_gb\/wp-json\/wp\/v2\/comments?post=671"}],"version-history":[{"count":2,"href":"https:\/\/bedisa.com.tr\/en_gb\/wp-json\/wp\/v2\/pages\/671\/revisions"}],"predecessor-version":[{"id":743,"href":"https:\/\/bedisa.com.tr\/en_gb\/wp-json\/wp\/v2\/pages\/671\/revisions\/743"}],"wp:attachment":[{"href":"https:\/\/bedisa.com.tr\/en_gb\/wp-json\/wp\/v2\/media?parent=671"}],"curies":[{"name":"wp","href":"https:\/\/api.w.org\/{rel}","templated":true}]}}