{"id":695,"date":"2024-07-26T13:55:06","date_gmt":"2024-07-26T10:55:06","guid":{"rendered":"https:\/\/bedisa.com.tr\/?page_id=695"},"modified":"2025-04-03T13:15:33","modified_gmt":"2025-04-03T13:15:33","slug":"surdurebilirlik","status":"publish","type":"page","link":"https:\/\/bedisa.com.tr\/en_gb\/surdurebilirlik\/","title":{"rendered":"Sustainability"},"content":{"rendered":"","protected":false},"excerpt":{"rendered":"","protected":false},"author":1,"featured_media":0,"parent":0,"menu_order":0,"comment_status":"closed","ping_status":"closed","template":"","meta":{"footnotes":""},"class_list":["post-695","page","type-page","status-publish","hentry"],"yoast_head":"<!-- This site is optimized with the Yoast SEO plugin v26.1.1 - https:\/\/yoast.com\/wordpress\/plugins\/seo\/ -->\n<title>S\u00fcrd\u00fcrebilirlik - BED\u0130SA<\/title>\n<meta name=\"description\" content=\"S\u00fcrd\u00fcr\u00fclebilirlik, \u00e7evre dostu \u00fcr\u00fcnler ve enerji tasarrufu \u00e7\u00f6z\u00fcmleri ile gelecek nesillere ya\u015fanabilir bir d\u00fcnya b\u0131rakmak i\u00e7in \u00e7al\u0131\u015f\u0131yoruz. Radyat\u00f6r, havlupan ve yerden \u0131s\u0131tma sistemlerinde s\u00fcrd\u00fcr\u00fclebilir teknolojilerle do\u011fay\u0131 koruyoruz.\" \/>\n<meta name=\"robots\" content=\"index, follow, max-snippet:-1, max-image-preview:large, max-video-preview:-1\" \/>\n<link rel=\"canonical\" href=\"https:\/\/bedisa.com.tr\/en_gb\/surdurebilirlik\/\" \/>\n<meta property=\"og:locale\" content=\"en_GB\" \/>\n<meta property=\"og:type\" content=\"article\" \/>\n<meta property=\"og:title\" content=\"S\u00fcrd\u00fcrebilirlik - BED\u0130SA\" \/>\n<meta property=\"og:description\" content=\"S\u00fcrd\u00fcr\u00fclebilirlik, \u00e7evre dostu \u00fcr\u00fcnler ve enerji tasarrufu \u00e7\u00f6z\u00fcmleri ile gelecek nesillere ya\u015fanabilir bir d\u00fcnya b\u0131rakmak i\u00e7in \u00e7al\u0131\u015f\u0131yoruz. Radyat\u00f6r, havlupan ve yerden \u0131s\u0131tma sistemlerinde s\u00fcrd\u00fcr\u00fclebilir teknolojilerle do\u011fay\u0131 koruyoruz.\" \/>\n<meta property=\"og:url\" content=\"https:\/\/bedisa.com.tr\/en_gb\/surdurebilirlik\/\" \/>\n<meta property=\"og:site_name\" content=\"BED\u0130SA\" \/>\n<meta property=\"article:modified_time\" content=\"2025-04-03T13:15:33+00:00\" \/>\n<meta name=\"twitter:card\" content=\"summary_large_image\" \/>\n<script type=\"application\/ld+json\" class=\"yoast-schema-graph\">{\"@context\":\"https:\/\/schema.org\",\"@graph\":[{\"@type\":\"WebPage\",\"@id\":\"https:\/\/bedisa.com.tr\/surdurebilirlik\/\",\"url\":\"https:\/\/bedisa.com.tr\/surdurebilirlik\/\",\"name\":\"S\u00fcrd\u00fcrebilirlik - BED\u0130SA\",\"isPartOf\":{\"@id\":\"https:\/\/bedisa.com.tr\/#website\"},\"datePublished\":\"2024-07-26T10:55:06+00:00\",\"dateModified\":\"2025-04-03T13:15:33+00:00\",\"description\":\"S\u00fcrd\u00fcr\u00fclebilirlik, \u00e7evre dostu \u00fcr\u00fcnler ve enerji tasarrufu \u00e7\u00f6z\u00fcmleri ile gelecek nesillere ya\u015fanabilir bir d\u00fcnya b\u0131rakmak i\u00e7in \u00e7al\u0131\u015f\u0131yoruz. Radyat\u00f6r, havlupan ve yerden \u0131s\u0131tma sistemlerinde s\u00fcrd\u00fcr\u00fclebilir teknolojilerle do\u011fay\u0131 koruyoruz.\",\"breadcrumb\":{\"@id\":\"https:\/\/bedisa.com.tr\/surdurebilirlik\/#breadcrumb\"},\"inLanguage\":\"en-GB\",\"potentialAction\":[{\"@type\":\"ReadAction\",\"target\":[\"https:\/\/bedisa.com.tr\/surdurebilirlik\/\"]}]},{\"@type\":\"BreadcrumbList\",\"@id\":\"https:\/\/bedisa.com.tr\/surdurebilirlik\/#breadcrumb\",\"itemListElement\":[{\"@type\":\"ListItem\",\"position\":1,\"name\":\"Anasayfa\",\"item\":\"https:\/\/bedisa.com.tr\/\"},{\"@type\":\"ListItem\",\"position\":2,\"name\":\"S\u00fcrd\u00fcrebilirlik\"}]},{\"@type\":\"WebSite\",\"@id\":\"https:\/\/bedisa.com.tr\/#website\",\"url\":\"https:\/\/bedisa.com.tr\/\",\"name\":\"BED\u0130S\",\"description\":\"\",\"publisher\":{\"@id\":\"https:\/\/bedisa.com.tr\/#organization\"},\"potentialAction\":[{\"@type\":\"SearchAction\",\"target\":{\"@type\":\"EntryPoint\",\"urlTemplate\":\"https:\/\/bedisa.com.tr\/?s={search_term_string}\"},\"query-input\":{\"@type\":\"PropertyValueSpecification\",\"valueRequired\":true,\"valueName\":\"search_term_string\"}}],\"inLanguage\":\"en-GB\"},{\"@type\":\"Organization\",\"@id\":\"https:\/\/bedisa.com.tr\/#organization\",\"name\":\"BED\u0130SA\",\"url\":\"https:\/\/bedisa.com.tr\/\",\"logo\":{\"@type\":\"ImageObject\",\"inLanguage\":\"en-GB\",\"@id\":\"https:\/\/bedisa.com.tr\/#\/schema\/logo\/image\/\",\"url\":\"https:\/\/bedisa.com.tr\/wp-content\/uploads\/2024\/07\/bedisa-retina.webp\",\"contentUrl\":\"https:\/\/bedisa.com.tr\/wp-content\/uploads\/2024\/07\/bedisa-retina.webp\",\"width\":295,\"height\":85,\"caption\":\"BED\u0130SA\"},\"image\":{\"@id\":\"https:\/\/bedisa.com.tr\/#\/schema\/logo\/image\/\"}}]}<\/script>\n<!-- \/ Yoast SEO plugin. -->","yoast_head_json":{"title":"S\u00fcrd\u00fcrebilirlik - BED\u0130SA","description":"S\u00fcrd\u00fcr\u00fclebilirlik, \u00e7evre dostu \u00fcr\u00fcnler ve enerji tasarrufu \u00e7\u00f6z\u00fcmleri ile gelecek nesillere ya\u015fanabilir bir d\u00fcnya b\u0131rakmak i\u00e7in \u00e7al\u0131\u015f\u0131yoruz. Radyat\u00f6r, havlupan ve yerden \u0131s\u0131tma sistemlerinde s\u00fcrd\u00fcr\u00fclebilir teknolojilerle do\u011fay\u0131 koruyoruz.","robots":{"index":"index","follow":"follow","max-snippet":"max-snippet:-1","max-image-preview":"max-image-preview:large","max-video-preview":"max-video-preview:-1"},"canonical":"https:\/\/bedisa.com.tr\/en_gb\/surdurebilirlik\/","og_locale":"en_GB","og_type":"article","og_title":"S\u00fcrd\u00fcrebilirlik - BED\u0130SA","og_description":"S\u00fcrd\u00fcr\u00fclebilirlik, \u00e7evre dostu \u00fcr\u00fcnler ve enerji tasarrufu \u00e7\u00f6z\u00fcmleri ile gelecek nesillere ya\u015fanabilir bir d\u00fcnya b\u0131rakmak i\u00e7in \u00e7al\u0131\u015f\u0131yoruz. Radyat\u00f6r, havlupan ve yerden \u0131s\u0131tma sistemlerinde s\u00fcrd\u00fcr\u00fclebilir teknolojilerle do\u011fay\u0131 koruyoruz.","og_url":"https:\/\/bedisa.com.tr\/en_gb\/surdurebilirlik\/","og_site_name":"BED\u0130SA","article_modified_time":"2025-04-03T13:15:33+00:00","twitter_card":"summary_large_image","schema":{"@context":"https:\/\/schema.org","@graph":[{"@type":"WebPage","@id":"https:\/\/bedisa.com.tr\/surdurebilirlik\/","url":"https:\/\/bedisa.com.tr\/surdurebilirlik\/","name":"S\u00fcrd\u00fcrebilirlik - BED\u0130SA","isPartOf":{"@id":"https:\/\/bedisa.com.tr\/#website"},"datePublished":"2024-07-26T10:55:06+00:00","dateModified":"2025-04-03T13:15:33+00:00","description":"S\u00fcrd\u00fcr\u00fclebilirlik, \u00e7evre dostu \u00fcr\u00fcnler ve enerji tasarrufu \u00e7\u00f6z\u00fcmleri ile gelecek nesillere ya\u015fanabilir bir d\u00fcnya b\u0131rakmak i\u00e7in \u00e7al\u0131\u015f\u0131yoruz. Radyat\u00f6r, havlupan ve yerden \u0131s\u0131tma sistemlerinde s\u00fcrd\u00fcr\u00fclebilir teknolojilerle do\u011fay\u0131 koruyoruz.","breadcrumb":{"@id":"https:\/\/bedisa.com.tr\/surdurebilirlik\/#breadcrumb"},"inLanguage":"en-GB","potentialAction":[{"@type":"ReadAction","target":["https:\/\/bedisa.com.tr\/surdurebilirlik\/"]}]},{"@type":"BreadcrumbList","@id":"https:\/\/bedisa.com.tr\/surdurebilirlik\/#breadcrumb","itemListElement":[{"@type":"ListItem","position":1,"name":"Anasayfa","item":"https:\/\/bedisa.com.tr\/"},{"@type":"ListItem","position":2,"name":"S\u00fcrd\u00fcrebilirlik"}]},{"@type":"WebSite","@id":"https:\/\/bedisa.com.tr\/#website","url":"https:\/\/bedisa.com.tr\/","name":"BED\u0130S","description":"","publisher":{"@id":"https:\/\/bedisa.com.tr\/#organization"},"potentialAction":[{"@type":"SearchAction","target":{"@type":"EntryPoint","urlTemplate":"https:\/\/bedisa.com.tr\/?s={search_term_string}"},"query-input":{"@type":"PropertyValueSpecification","valueRequired":true,"valueName":"search_term_string"}}],"inLanguage":"en-GB"},{"@type":"Organization","@id":"https:\/\/bedisa.com.tr\/#organization","name":"BED\u0130SA","url":"https:\/\/bedisa.com.tr\/","logo":{"@type":"ImageObject","inLanguage":"en-GB","@id":"https:\/\/bedisa.com.tr\/#\/schema\/logo\/image\/","url":"https:\/\/bedisa.com.tr\/wp-content\/uploads\/2024\/07\/bedisa-retina.webp","contentUrl":"https:\/\/bedisa.com.tr\/wp-content\/uploads\/2024\/07\/bedisa-retina.webp","width":295,"height":85,"caption":"BED\u0130SA"},"image":{"@id":"https:\/\/bedisa.com.tr\/#\/schema\/logo\/image\/"}}]}},"_links":{"self":[{"href":"https:\/\/bedisa.com.tr\/en_gb\/wp-json\/wp\/v2\/pages\/695","targetHints":{"allow":["GET"]}}],"collection":[{"href":"https:\/\/bedisa.com.tr\/en_gb\/wp-json\/wp\/v2\/pages"}],"about":[{"href":"https:\/\/bedisa.com.tr\/en_gb\/wp-json\/wp\/v2\/types\/page"}],"author":[{"embeddable":true,"href":"https:\/\/bedisa.com.tr\/en_gb\/wp-json\/wp\/v2\/users\/1"}],"replies":[{"embeddable":true,"href":"https:\/\/bedisa.com.tr\/en_gb\/wp-json\/wp\/v2\/comments?post=695"}],"version-history":[{"count":1,"href":"https:\/\/bedisa.com.tr\/en_gb\/wp-json\/wp\/v2\/pages\/695\/revisions"}],"predecessor-version":[{"id":696,"href":"https:\/\/bedisa.com.tr\/en_gb\/wp-json\/wp\/v2\/pages\/695\/revisions\/696"}],"wp:attachment":[{"href":"https:\/\/bedisa.com.tr\/en_gb\/wp-json\/wp\/v2\/media?parent=695"}],"curies":[{"name":"wp","href":"https:\/\/api.w.org\/{rel}","templated":true}]}}