{"id":782,"date":"2024-08-14T10:24:16","date_gmt":"2024-08-14T07:24:16","guid":{"rendered":"https:\/\/bedisa.com.tr\/?page_id=782"},"modified":"2024-08-27T10:54:44","modified_gmt":"2024-08-27T07:54:44","slug":"heating-elements","status":"publish","type":"page","link":"https:\/\/bedisa.com.tr\/en_gb\/heating-elements\/","title":{"rendered":"Towel Warmers Heating Elements"},"content":{"rendered":"","protected":false},"excerpt":{"rendered":"","protected":false},"author":1,"featured_media":0,"parent":0,"menu_order":0,"comment_status":"closed","ping_status":"closed","template":"","meta":{"footnotes":""},"class_list":["post-782","page","type-page","status-publish","hentry"],"yoast_head":"<!-- This site is optimized with the Yoast SEO plugin v26.1.1 - https:\/\/yoast.com\/wordpress\/plugins\/seo\/ -->\n<title>Havlupan Rezistanslar\u0131 - BED\u0130SA<\/title>\n<meta name=\"description\" content=\"Havlupan rezistanslar\u0131 ile banyonuzda ek \u0131s\u0131tma sa\u011flarken enerji verimlili\u011fini art\u0131r\u0131n. Farkl\u0131 g\u00fc\u00e7 se\u00e7enekleri ve g\u00fcvenilir performans ile s\u0131cak bir banyo ortam\u0131 yarat\u0131n.\" \/>\n<meta name=\"robots\" content=\"index, follow, max-snippet:-1, max-image-preview:large, max-video-preview:-1\" \/>\n<link rel=\"canonical\" href=\"https:\/\/bedisa.com.tr\/en_gb\/heating-elements\/\" \/>\n<meta property=\"og:locale\" content=\"en_GB\" \/>\n<meta property=\"og:type\" content=\"article\" \/>\n<meta property=\"og:title\" content=\"Havlupan Rezistanslar\u0131 - BED\u0130SA\" \/>\n<meta property=\"og:description\" content=\"Havlupan rezistanslar\u0131 ile banyonuzda ek \u0131s\u0131tma sa\u011flarken enerji verimlili\u011fini art\u0131r\u0131n. Farkl\u0131 g\u00fc\u00e7 se\u00e7enekleri ve g\u00fcvenilir performans ile s\u0131cak bir banyo ortam\u0131 yarat\u0131n.\" \/>\n<meta property=\"og:url\" content=\"https:\/\/bedisa.com.tr\/en_gb\/heating-elements\/\" \/>\n<meta property=\"og:site_name\" content=\"BED\u0130SA\" \/>\n<meta property=\"article:modified_time\" content=\"2024-08-27T07:54:44+00:00\" \/>\n<meta name=\"twitter:card\" content=\"summary_large_image\" \/>\n<script type=\"application\/ld+json\" class=\"yoast-schema-graph\">{\"@context\":\"https:\/\/schema.org\",\"@graph\":[{\"@type\":\"WebPage\",\"@id\":\"https:\/\/bedisa.com.tr\/heating-elements\/\",\"url\":\"https:\/\/bedisa.com.tr\/heating-elements\/\",\"name\":\"Havlupan Rezistanslar\u0131 - BED\u0130SA\",\"isPartOf\":{\"@id\":\"https:\/\/bedisa.com.tr\/#website\"},\"datePublished\":\"2024-08-14T07:24:16+00:00\",\"dateModified\":\"2024-08-27T07:54:44+00:00\",\"description\":\"Havlupan rezistanslar\u0131 ile banyonuzda ek \u0131s\u0131tma sa\u011flarken enerji verimlili\u011fini art\u0131r\u0131n. Farkl\u0131 g\u00fc\u00e7 se\u00e7enekleri ve g\u00fcvenilir performans ile s\u0131cak bir banyo ortam\u0131 yarat\u0131n.\",\"breadcrumb\":{\"@id\":\"https:\/\/bedisa.com.tr\/heating-elements\/#breadcrumb\"},\"inLanguage\":\"en-GB\",\"potentialAction\":[{\"@type\":\"ReadAction\",\"target\":[\"https:\/\/bedisa.com.tr\/heating-elements\/\"]}]},{\"@type\":\"BreadcrumbList\",\"@id\":\"https:\/\/bedisa.com.tr\/heating-elements\/#breadcrumb\",\"itemListElement\":[{\"@type\":\"ListItem\",\"position\":1,\"name\":\"Anasayfa\",\"item\":\"https:\/\/bedisa.com.tr\/\"},{\"@type\":\"ListItem\",\"position\":2,\"name\":\"Elektrikli Havlupan Is\u0131t\u0131c\u0131lar\u0131\"}]},{\"@type\":\"WebSite\",\"@id\":\"https:\/\/bedisa.com.tr\/#website\",\"url\":\"https:\/\/bedisa.com.tr\/\",\"name\":\"BED\u0130S\",\"description\":\"\",\"publisher\":{\"@id\":\"https:\/\/bedisa.com.tr\/#organization\"},\"potentialAction\":[{\"@type\":\"SearchAction\",\"target\":{\"@type\":\"EntryPoint\",\"urlTemplate\":\"https:\/\/bedisa.com.tr\/?s={search_term_string}\"},\"query-input\":{\"@type\":\"PropertyValueSpecification\",\"valueRequired\":true,\"valueName\":\"search_term_string\"}}],\"inLanguage\":\"en-GB\"},{\"@type\":\"Organization\",\"@id\":\"https:\/\/bedisa.com.tr\/#organization\",\"name\":\"BED\u0130SA\",\"url\":\"https:\/\/bedisa.com.tr\/\",\"logo\":{\"@type\":\"ImageObject\",\"inLanguage\":\"en-GB\",\"@id\":\"https:\/\/bedisa.com.tr\/#\/schema\/logo\/image\/\",\"url\":\"https:\/\/bedisa.com.tr\/wp-content\/uploads\/2024\/07\/bedisa-retina.webp\",\"contentUrl\":\"https:\/\/bedisa.com.tr\/wp-content\/uploads\/2024\/07\/bedisa-retina.webp\",\"width\":295,\"height\":85,\"caption\":\"BED\u0130SA\"},\"image\":{\"@id\":\"https:\/\/bedisa.com.tr\/#\/schema\/logo\/image\/\"}}]}<\/script>\n<!-- \/ Yoast SEO plugin. -->","yoast_head_json":{"title":"Havlupan Rezistanslar\u0131 - BED\u0130SA","description":"Havlupan rezistanslar\u0131 ile banyonuzda ek \u0131s\u0131tma sa\u011flarken enerji verimlili\u011fini art\u0131r\u0131n. Farkl\u0131 g\u00fc\u00e7 se\u00e7enekleri ve g\u00fcvenilir performans ile s\u0131cak bir banyo ortam\u0131 yarat\u0131n.","robots":{"index":"index","follow":"follow","max-snippet":"max-snippet:-1","max-image-preview":"max-image-preview:large","max-video-preview":"max-video-preview:-1"},"canonical":"https:\/\/bedisa.com.tr\/en_gb\/heating-elements\/","og_locale":"en_GB","og_type":"article","og_title":"Havlupan Rezistanslar\u0131 - BED\u0130SA","og_description":"Havlupan rezistanslar\u0131 ile banyonuzda ek \u0131s\u0131tma sa\u011flarken enerji verimlili\u011fini art\u0131r\u0131n. Farkl\u0131 g\u00fc\u00e7 se\u00e7enekleri ve g\u00fcvenilir performans ile s\u0131cak bir banyo ortam\u0131 yarat\u0131n.","og_url":"https:\/\/bedisa.com.tr\/en_gb\/heating-elements\/","og_site_name":"BED\u0130SA","article_modified_time":"2024-08-27T07:54:44+00:00","twitter_card":"summary_large_image","schema":{"@context":"https:\/\/schema.org","@graph":[{"@type":"WebPage","@id":"https:\/\/bedisa.com.tr\/heating-elements\/","url":"https:\/\/bedisa.com.tr\/heating-elements\/","name":"Havlupan Rezistanslar\u0131 - BED\u0130SA","isPartOf":{"@id":"https:\/\/bedisa.com.tr\/#website"},"datePublished":"2024-08-14T07:24:16+00:00","dateModified":"2024-08-27T07:54:44+00:00","description":"Havlupan rezistanslar\u0131 ile banyonuzda ek \u0131s\u0131tma sa\u011flarken enerji verimlili\u011fini art\u0131r\u0131n. Farkl\u0131 g\u00fc\u00e7 se\u00e7enekleri ve g\u00fcvenilir performans ile s\u0131cak bir banyo ortam\u0131 yarat\u0131n.","breadcrumb":{"@id":"https:\/\/bedisa.com.tr\/heating-elements\/#breadcrumb"},"inLanguage":"en-GB","potentialAction":[{"@type":"ReadAction","target":["https:\/\/bedisa.com.tr\/heating-elements\/"]}]},{"@type":"BreadcrumbList","@id":"https:\/\/bedisa.com.tr\/heating-elements\/#breadcrumb","itemListElement":[{"@type":"ListItem","position":1,"name":"Anasayfa","item":"https:\/\/bedisa.com.tr\/"},{"@type":"ListItem","position":2,"name":"Elektrikli Havlupan Is\u0131t\u0131c\u0131lar\u0131"}]},{"@type":"WebSite","@id":"https:\/\/bedisa.com.tr\/#website","url":"https:\/\/bedisa.com.tr\/","name":"BED\u0130S","description":"","publisher":{"@id":"https:\/\/bedisa.com.tr\/#organization"},"potentialAction":[{"@type":"SearchAction","target":{"@type":"EntryPoint","urlTemplate":"https:\/\/bedisa.com.tr\/?s={search_term_string}"},"query-input":{"@type":"PropertyValueSpecification","valueRequired":true,"valueName":"search_term_string"}}],"inLanguage":"en-GB"},{"@type":"Organization","@id":"https:\/\/bedisa.com.tr\/#organization","name":"BED\u0130SA","url":"https:\/\/bedisa.com.tr\/","logo":{"@type":"ImageObject","inLanguage":"en-GB","@id":"https:\/\/bedisa.com.tr\/#\/schema\/logo\/image\/","url":"https:\/\/bedisa.com.tr\/wp-content\/uploads\/2024\/07\/bedisa-retina.webp","contentUrl":"https:\/\/bedisa.com.tr\/wp-content\/uploads\/2024\/07\/bedisa-retina.webp","width":295,"height":85,"caption":"BED\u0130SA"},"image":{"@id":"https:\/\/bedisa.com.tr\/#\/schema\/logo\/image\/"}}]}},"_links":{"self":[{"href":"https:\/\/bedisa.com.tr\/en_gb\/wp-json\/wp\/v2\/pages\/782","targetHints":{"allow":["GET"]}}],"collection":[{"href":"https:\/\/bedisa.com.tr\/en_gb\/wp-json\/wp\/v2\/pages"}],"about":[{"href":"https:\/\/bedisa.com.tr\/en_gb\/wp-json\/wp\/v2\/types\/page"}],"author":[{"embeddable":true,"href":"https:\/\/bedisa.com.tr\/en_gb\/wp-json\/wp\/v2\/users\/1"}],"replies":[{"embeddable":true,"href":"https:\/\/bedisa.com.tr\/en_gb\/wp-json\/wp\/v2\/comments?post=782"}],"version-history":[{"count":4,"href":"https:\/\/bedisa.com.tr\/en_gb\/wp-json\/wp\/v2\/pages\/782\/revisions"}],"predecessor-version":[{"id":844,"href":"https:\/\/bedisa.com.tr\/en_gb\/wp-json\/wp\/v2\/pages\/782\/revisions\/844"}],"wp:attachment":[{"href":"https:\/\/bedisa.com.tr\/en_gb\/wp-json\/wp\/v2\/media?parent=782"}],"curies":[{"name":"wp","href":"https:\/\/api.w.org\/{rel}","templated":true}]}}