{"id":9,"date":"2020-10-15T08:03:05","date_gmt":"2020-10-15T08:03:05","guid":{"rendered":"https:\/\/bedisa.com.tr\/?page_id=9"},"modified":"2026-03-03T11:12:25","modified_gmt":"2026-03-03T11:12:25","slug":"radyator-ve-havlupan-modelleri-bedisa","status":"publish","type":"page","link":"https:\/\/bedisa.com.tr\/en_gb\/","title":{"rendered":"Home"},"content":{"rendered":"","protected":false},"excerpt":{"rendered":"","protected":false},"author":1,"featured_media":581,"parent":0,"menu_order":0,"comment_status":"open","ping_status":"closed","template":"","meta":{"footnotes":""},"class_list":["post-9","page","type-page","status-publish","has-post-thumbnail","hentry"],"yoast_head":"<!-- This site is optimized with the Yoast SEO plugin v26.1.1 - https:\/\/yoast.com\/wordpress\/plugins\/seo\/ -->\n<title>Bedisa - Sustainable heating solutions for a better world<\/title>\n<meta name=\"description\" content=\"Daha iyi bir d\u00fcnya i\u00e7in s\u00fcrd\u00fcr\u00fclebilir \u0131s\u0131tma \u00e7\u00f6z\u00fcmleri\" \/>\n<meta name=\"robots\" content=\"index, follow, max-snippet:-1, max-image-preview:large, max-video-preview:-1\" \/>\n<link rel=\"canonical\" href=\"https:\/\/bedisa.com.tr\/en_gb\/\" \/>\n<meta property=\"og:locale\" content=\"en_GB\" \/>\n<meta property=\"og:type\" content=\"article\" \/>\n<meta property=\"og:title\" content=\"Bedisa - Sustainable heating solutions for a better world\" \/>\n<meta property=\"og:description\" content=\"Daha iyi bir d\u00fcnya i\u00e7in s\u00fcrd\u00fcr\u00fclebilir \u0131s\u0131tma \u00e7\u00f6z\u00fcmleri\" \/>\n<meta property=\"og:url\" content=\"https:\/\/bedisa.com.tr\/en_gb\/\" \/>\n<meta property=\"og:site_name\" content=\"BED\u0130SA\" \/>\n<meta property=\"article:modified_time\" content=\"2026-03-03T11:12:25+00:00\" \/>\n<meta property=\"og:image\" content=\"https:\/\/bedisa.com.tr\/wp-content\/uploads\/2024\/07\/bedisa-logo-beyaz-1.webp\" \/>\n\t<meta property=\"og:image:width\" content=\"650\" \/>\n\t<meta property=\"og:image:height\" content=\"163\" \/>\n\t<meta property=\"og:image:type\" content=\"image\/webp\" \/>\n<meta name=\"twitter:card\" content=\"summary_large_image\" \/>\n<meta name=\"twitter:label1\" content=\"Estimated reading time\" \/>\n\t<meta name=\"twitter:data1\" content=\"1 minute\" \/>\n<script type=\"application\/ld+json\" class=\"yoast-schema-graph\">{\"@context\":\"https:\/\/schema.org\",\"@graph\":[{\"@type\":\"WebPage\",\"@id\":\"https:\/\/bedisa.com.tr\/\",\"url\":\"https:\/\/bedisa.com.tr\/\",\"name\":\"Bedisa - Sustainable heating solutions for a better world\",\"isPartOf\":{\"@id\":\"https:\/\/bedisa.com.tr\/#website\"},\"primaryImageOfPage\":{\"@id\":\"https:\/\/bedisa.com.tr\/#primaryimage\"},\"image\":{\"@id\":\"https:\/\/bedisa.com.tr\/#primaryimage\"},\"thumbnailUrl\":\"https:\/\/bedisa.com.tr\/wp-content\/uploads\/2024\/07\/bedisa-logo-beyaz-1.webp\",\"datePublished\":\"2020-10-15T08:03:05+00:00\",\"dateModified\":\"2026-03-03T11:12:25+00:00\",\"description\":\"Daha iyi bir d\u00fcnya i\u00e7in s\u00fcrd\u00fcr\u00fclebilir \u0131s\u0131tma \u00e7\u00f6z\u00fcmleri\",\"breadcrumb\":{\"@id\":\"https:\/\/bedisa.com.tr\/#breadcrumb\"},\"inLanguage\":\"en-GB\",\"potentialAction\":[{\"@type\":\"ReadAction\",\"target\":[\"https:\/\/bedisa.com.tr\/\"]}]},{\"@type\":\"ImageObject\",\"inLanguage\":\"en-GB\",\"@id\":\"https:\/\/bedisa.com.tr\/#primaryimage\",\"url\":\"https:\/\/bedisa.com.tr\/wp-content\/uploads\/2024\/07\/bedisa-logo-beyaz-1.webp\",\"contentUrl\":\"https:\/\/bedisa.com.tr\/wp-content\/uploads\/2024\/07\/bedisa-logo-beyaz-1.webp\",\"width\":650,\"height\":163},{\"@type\":\"BreadcrumbList\",\"@id\":\"https:\/\/bedisa.com.tr\/#breadcrumb\",\"itemListElement\":[{\"@type\":\"ListItem\",\"position\":1,\"name\":\"Anasayfa\",\"item\":\"https:\/\/bedisa.com.tr\/\"},{\"@type\":\"ListItem\",\"position\":2,\"name\":\"Home\"}]},{\"@type\":\"WebSite\",\"@id\":\"https:\/\/bedisa.com.tr\/#website\",\"url\":\"https:\/\/bedisa.com.tr\/\",\"name\":\"BED\u0130S\",\"description\":\"\",\"publisher\":{\"@id\":\"https:\/\/bedisa.com.tr\/#organization\"},\"potentialAction\":[{\"@type\":\"SearchAction\",\"target\":{\"@type\":\"EntryPoint\",\"urlTemplate\":\"https:\/\/bedisa.com.tr\/?s={search_term_string}\"},\"query-input\":{\"@type\":\"PropertyValueSpecification\",\"valueRequired\":true,\"valueName\":\"search_term_string\"}}],\"inLanguage\":\"en-GB\"},{\"@type\":\"Organization\",\"@id\":\"https:\/\/bedisa.com.tr\/#organization\",\"name\":\"BED\u0130SA\",\"url\":\"https:\/\/bedisa.com.tr\/\",\"logo\":{\"@type\":\"ImageObject\",\"inLanguage\":\"en-GB\",\"@id\":\"https:\/\/bedisa.com.tr\/#\/schema\/logo\/image\/\",\"url\":\"https:\/\/bedisa.com.tr\/wp-content\/uploads\/2024\/07\/bedisa-retina.webp\",\"contentUrl\":\"https:\/\/bedisa.com.tr\/wp-content\/uploads\/2024\/07\/bedisa-retina.webp\",\"width\":295,\"height\":85,\"caption\":\"BED\u0130SA\"},\"image\":{\"@id\":\"https:\/\/bedisa.com.tr\/#\/schema\/logo\/image\/\"}}]}<\/script>\n<!-- \/ Yoast SEO plugin. -->","yoast_head_json":{"title":"Bedisa - Sustainable heating solutions for a better world","description":"Sustainable heating solutions for a better world","robots":{"index":"index","follow":"follow","max-snippet":"max-snippet:-1","max-image-preview":"max-image-preview:large","max-video-preview":"max-video-preview:-1"},"canonical":"https:\/\/bedisa.com.tr\/en_gb\/","og_locale":"en_GB","og_type":"article","og_title":"Bedisa - Sustainable heating solutions for a better world","og_description":"Daha iyi bir d\u00fcnya i\u00e7in s\u00fcrd\u00fcr\u00fclebilir \u0131s\u0131tma \u00e7\u00f6z\u00fcmleri","og_url":"https:\/\/bedisa.com.tr\/en_gb\/","og_site_name":"BED\u0130SA","article_modified_time":"2026-03-03T11:12:25+00:00","og_image":[{"width":650,"height":163,"url":"https:\/\/bedisa.com.tr\/wp-content\/uploads\/2024\/07\/bedisa-logo-beyaz-1.webp","type":"image\/webp"}],"twitter_card":"summary_large_image","twitter_misc":{"Estimated reading time":"1 minute"},"schema":{"@context":"https:\/\/schema.org","@graph":[{"@type":"WebPage","@id":"https:\/\/bedisa.com.tr\/","url":"https:\/\/bedisa.com.tr\/","name":"Bedisa - Sustainable heating solutions for a better world","isPartOf":{"@id":"https:\/\/bedisa.com.tr\/#website"},"primaryImageOfPage":{"@id":"https:\/\/bedisa.com.tr\/#primaryimage"},"image":{"@id":"https:\/\/bedisa.com.tr\/#primaryimage"},"thumbnailUrl":"https:\/\/bedisa.com.tr\/wp-content\/uploads\/2024\/07\/bedisa-logo-beyaz-1.webp","datePublished":"2020-10-15T08:03:05+00:00","dateModified":"2026-03-03T11:12:25+00:00","description":"Sustainable heating solutions for a better world","breadcrumb":{"@id":"https:\/\/bedisa.com.tr\/#breadcrumb"},"inLanguage":"en-GB","potentialAction":[{"@type":"ReadAction","target":["https:\/\/bedisa.com.tr\/"]}]},{"@type":"ImageObject","inLanguage":"en-GB","@id":"https:\/\/bedisa.com.tr\/#primaryimage","url":"https:\/\/bedisa.com.tr\/wp-content\/uploads\/2024\/07\/bedisa-logo-beyaz-1.webp","contentUrl":"https:\/\/bedisa.com.tr\/wp-content\/uploads\/2024\/07\/bedisa-logo-beyaz-1.webp","width":650,"height":163},{"@type":"BreadcrumbList","@id":"https:\/\/bedisa.com.tr\/#breadcrumb","itemListElement":[{"@type":"ListItem","position":1,"name":"Anasayfa","item":"https:\/\/bedisa.com.tr\/"},{"@type":"ListItem","position":2,"name":"Home"}]},{"@type":"WebSite","@id":"https:\/\/bedisa.com.tr\/#website","url":"https:\/\/bedisa.com.tr\/","name":"BED\u0130S","description":"","publisher":{"@id":"https:\/\/bedisa.com.tr\/#organization"},"potentialAction":[{"@type":"SearchAction","target":{"@type":"EntryPoint","urlTemplate":"https:\/\/bedisa.com.tr\/?s={search_term_string}"},"query-input":{"@type":"PropertyValueSpecification","valueRequired":true,"valueName":"search_term_string"}}],"inLanguage":"en-GB"},{"@type":"Organization","@id":"https:\/\/bedisa.com.tr\/#organization","name":"BED\u0130SA","url":"https:\/\/bedisa.com.tr\/","logo":{"@type":"ImageObject","inLanguage":"en-GB","@id":"https:\/\/bedisa.com.tr\/#\/schema\/logo\/image\/","url":"https:\/\/bedisa.com.tr\/wp-content\/uploads\/2024\/07\/bedisa-retina.webp","contentUrl":"https:\/\/bedisa.com.tr\/wp-content\/uploads\/2024\/07\/bedisa-retina.webp","width":295,"height":85,"caption":"BED\u0130SA"},"image":{"@id":"https:\/\/bedisa.com.tr\/#\/schema\/logo\/image\/"}}]}},"_links":{"self":[{"href":"https:\/\/bedisa.com.tr\/en_gb\/wp-json\/wp\/v2\/pages\/9","targetHints":{"allow":["GET"]}}],"collection":[{"href":"https:\/\/bedisa.com.tr\/en_gb\/wp-json\/wp\/v2\/pages"}],"about":[{"href":"https:\/\/bedisa.com.tr\/en_gb\/wp-json\/wp\/v2\/types\/page"}],"author":[{"embeddable":true,"href":"https:\/\/bedisa.com.tr\/en_gb\/wp-json\/wp\/v2\/users\/1"}],"replies":[{"embeddable":true,"href":"https:\/\/bedisa.com.tr\/en_gb\/wp-json\/wp\/v2\/comments?post=9"}],"version-history":[{"count":1,"href":"https:\/\/bedisa.com.tr\/en_gb\/wp-json\/wp\/v2\/pages\/9\/revisions"}],"predecessor-version":[{"id":409,"href":"https:\/\/bedisa.com.tr\/en_gb\/wp-json\/wp\/v2\/pages\/9\/revisions\/409"}],"wp:featuredmedia":[{"embeddable":true,"href":"https:\/\/bedisa.com.tr\/en_gb\/wp-json\/wp\/v2\/media\/581"}],"wp:attachment":[{"href":"https:\/\/bedisa.com.tr\/en_gb\/wp-json\/wp\/v2\/media?parent=9"}],"curies":[{"name":"wp","href":"https:\/\/api.w.org\/{rel}","templated":true}]}}