{"id":910,"date":"2024-08-30T12:02:07","date_gmt":"2024-08-30T09:02:07","guid":{"rendered":"https:\/\/bedisa.com.tr\/?page_id=910"},"modified":"2026-03-03T11:12:11","modified_gmt":"2026-03-03T11:12:11","slug":"dokumanlar-910","status":"publish","type":"page","link":"https:\/\/bedisa.com.tr\/en_gb\/dokumanlar-910\/","title":{"rendered":"Document"},"content":{"rendered":"","protected":false},"excerpt":{"rendered":"","protected":false},"author":1,"featured_media":0,"parent":0,"menu_order":0,"comment_status":"closed","ping_status":"closed","template":"","meta":{"footnotes":""},"class_list":["post-910","page","type-page","status-publish","hentry"],"yoast_head":"<!-- This site is optimized with the Yoast SEO plugin v26.1.1 - https:\/\/yoast.com\/wordpress\/plugins\/seo\/ -->\n<title>D\u00f6k\u00fcmanlar - BED\u0130SA<\/title>\n<meta name=\"robots\" content=\"index, follow, max-snippet:-1, max-image-preview:large, max-video-preview:-1\" \/>\n<link rel=\"canonical\" href=\"https:\/\/bedisa.com.tr\/en_gb\/dokumanlar\/\" \/>\n<meta property=\"og:locale\" content=\"en_GB\" \/>\n<meta property=\"og:type\" content=\"article\" \/>\n<meta property=\"og:title\" content=\"D\u00f6k\u00fcmanlar - BED\u0130SA\" \/>\n<meta property=\"og:url\" content=\"https:\/\/bedisa.com.tr\/en_gb\/dokumanlar\/\" \/>\n<meta property=\"og:site_name\" content=\"BED\u0130SA\" \/>\n<meta property=\"article:modified_time\" content=\"2026-03-03T11:12:11+00:00\" \/>\n<meta name=\"twitter:card\" content=\"summary_large_image\" \/>\n<script type=\"application\/ld+json\" class=\"yoast-schema-graph\">{\"@context\":\"https:\/\/schema.org\",\"@graph\":[{\"@type\":\"WebPage\",\"@id\":\"https:\/\/bedisa.com.tr\/dokumanlar\/\",\"url\":\"https:\/\/bedisa.com.tr\/dokumanlar\/\",\"name\":\"D\u00f6k\u00fcmanlar - BED\u0130SA\",\"isPartOf\":{\"@id\":\"https:\/\/bedisa.com.tr\/#website\"},\"datePublished\":\"2024-08-30T09:02:07+00:00\",\"dateModified\":\"2026-03-03T11:12:11+00:00\",\"breadcrumb\":{\"@id\":\"https:\/\/bedisa.com.tr\/dokumanlar\/#breadcrumb\"},\"inLanguage\":\"en-GB\",\"potentialAction\":[{\"@type\":\"ReadAction\",\"target\":[\"https:\/\/bedisa.com.tr\/dokumanlar\/\"]}]},{\"@type\":\"BreadcrumbList\",\"@id\":\"https:\/\/bedisa.com.tr\/dokumanlar\/#breadcrumb\",\"itemListElement\":[{\"@type\":\"ListItem\",\"position\":1,\"name\":\"Anasayfa\",\"item\":\"https:\/\/bedisa.com.tr\/\"},{\"@type\":\"ListItem\",\"position\":2,\"name\":\"D\u00f6k\u00fcmanlar\"}]},{\"@type\":\"WebSite\",\"@id\":\"https:\/\/bedisa.com.tr\/#website\",\"url\":\"https:\/\/bedisa.com.tr\/\",\"name\":\"BED\u0130S\",\"description\":\"\",\"publisher\":{\"@id\":\"https:\/\/bedisa.com.tr\/#organization\"},\"potentialAction\":[{\"@type\":\"SearchAction\",\"target\":{\"@type\":\"EntryPoint\",\"urlTemplate\":\"https:\/\/bedisa.com.tr\/?s={search_term_string}\"},\"query-input\":{\"@type\":\"PropertyValueSpecification\",\"valueRequired\":true,\"valueName\":\"search_term_string\"}}],\"inLanguage\":\"en-GB\"},{\"@type\":\"Organization\",\"@id\":\"https:\/\/bedisa.com.tr\/#organization\",\"name\":\"BED\u0130SA\",\"url\":\"https:\/\/bedisa.com.tr\/\",\"logo\":{\"@type\":\"ImageObject\",\"inLanguage\":\"en-GB\",\"@id\":\"https:\/\/bedisa.com.tr\/#\/schema\/logo\/image\/\",\"url\":\"https:\/\/bedisa.com.tr\/wp-content\/uploads\/2024\/07\/bedisa-retina.webp\",\"contentUrl\":\"https:\/\/bedisa.com.tr\/wp-content\/uploads\/2024\/07\/bedisa-retina.webp\",\"width\":295,\"height\":85,\"caption\":\"BED\u0130SA\"},\"image\":{\"@id\":\"https:\/\/bedisa.com.tr\/#\/schema\/logo\/image\/\"}}]}<\/script>\n<!-- \/ Yoast SEO plugin. -->","yoast_head_json":{"title":"D\u00f6k\u00fcmanlar - BED\u0130SA","robots":{"index":"index","follow":"follow","max-snippet":"max-snippet:-1","max-image-preview":"max-image-preview:large","max-video-preview":"max-video-preview:-1"},"canonical":"https:\/\/bedisa.com.tr\/en_gb\/dokumanlar\/","og_locale":"en_GB","og_type":"article","og_title":"D\u00f6k\u00fcmanlar - BED\u0130SA","og_url":"https:\/\/bedisa.com.tr\/en_gb\/dokumanlar\/","og_site_name":"BED\u0130SA","article_modified_time":"2026-03-03T11:12:11+00:00","twitter_card":"summary_large_image","schema":{"@context":"https:\/\/schema.org","@graph":[{"@type":"WebPage","@id":"https:\/\/bedisa.com.tr\/dokumanlar\/","url":"https:\/\/bedisa.com.tr\/dokumanlar\/","name":"D\u00f6k\u00fcmanlar - BED\u0130SA","isPartOf":{"@id":"https:\/\/bedisa.com.tr\/#website"},"datePublished":"2024-08-30T09:02:07+00:00","dateModified":"2026-03-03T11:12:11+00:00","breadcrumb":{"@id":"https:\/\/bedisa.com.tr\/dokumanlar\/#breadcrumb"},"inLanguage":"en-GB","potentialAction":[{"@type":"ReadAction","target":["https:\/\/bedisa.com.tr\/dokumanlar\/"]}]},{"@type":"BreadcrumbList","@id":"https:\/\/bedisa.com.tr\/dokumanlar\/#breadcrumb","itemListElement":[{"@type":"ListItem","position":1,"name":"Anasayfa","item":"https:\/\/bedisa.com.tr\/"},{"@type":"ListItem","position":2,"name":"D\u00f6k\u00fcmanlar"}]},{"@type":"WebSite","@id":"https:\/\/bedisa.com.tr\/#website","url":"https:\/\/bedisa.com.tr\/","name":"BED\u0130S","description":"","publisher":{"@id":"https:\/\/bedisa.com.tr\/#organization"},"potentialAction":[{"@type":"SearchAction","target":{"@type":"EntryPoint","urlTemplate":"https:\/\/bedisa.com.tr\/?s={search_term_string}"},"query-input":{"@type":"PropertyValueSpecification","valueRequired":true,"valueName":"search_term_string"}}],"inLanguage":"en-GB"},{"@type":"Organization","@id":"https:\/\/bedisa.com.tr\/#organization","name":"BED\u0130SA","url":"https:\/\/bedisa.com.tr\/","logo":{"@type":"ImageObject","inLanguage":"en-GB","@id":"https:\/\/bedisa.com.tr\/#\/schema\/logo\/image\/","url":"https:\/\/bedisa.com.tr\/wp-content\/uploads\/2024\/07\/bedisa-retina.webp","contentUrl":"https:\/\/bedisa.com.tr\/wp-content\/uploads\/2024\/07\/bedisa-retina.webp","width":295,"height":85,"caption":"BED\u0130SA"},"image":{"@id":"https:\/\/bedisa.com.tr\/#\/schema\/logo\/image\/"}}]}},"_links":{"self":[{"href":"https:\/\/bedisa.com.tr\/en_gb\/wp-json\/wp\/v2\/pages\/910","targetHints":{"allow":["GET"]}}],"collection":[{"href":"https:\/\/bedisa.com.tr\/en_gb\/wp-json\/wp\/v2\/pages"}],"about":[{"href":"https:\/\/bedisa.com.tr\/en_gb\/wp-json\/wp\/v2\/types\/page"}],"author":[{"embeddable":true,"href":"https:\/\/bedisa.com.tr\/en_gb\/wp-json\/wp\/v2\/users\/1"}],"replies":[{"embeddable":true,"href":"https:\/\/bedisa.com.tr\/en_gb\/wp-json\/wp\/v2\/comments?post=910"}],"version-history":[{"count":2,"href":"https:\/\/bedisa.com.tr\/en_gb\/wp-json\/wp\/v2\/pages\/910\/revisions"}],"predecessor-version":[{"id":1246,"href":"https:\/\/bedisa.com.tr\/en_gb\/wp-json\/wp\/v2\/pages\/910\/revisions\/1246"}],"wp:attachment":[{"href":"https:\/\/bedisa.com.tr\/en_gb\/wp-json\/wp\/v2\/media?parent=910"}],"curies":[{"name":"wp","href":"https:\/\/api.w.org\/{rel}","templated":true}]}}